{"id":1476,"date":"2019-11-02T16:38:36","date_gmt":"2019-11-02T15:38:36","guid":{"rendered":"https:\/\/marinepoiraton.com\/?page_id=1476"},"modified":"2020-11-30T14:32:23","modified_gmt":"2020-11-30T13:32:23","slug":"dolcevia","status":"publish","type":"page","link":"https:\/\/marinepoiraton.com\/en\/dolcevia\/","title":{"rendered":"Dolcevia"},"content":{"rendered":"\t\t<div data-elementor-type=\"wp-page\" data-elementor-id=\"1476\" class=\"elementor elementor-1476\" data-elementor-post-type=\"page\">\n\t\t\t\t\t\t<section class=\"elementor-section elementor-top-section elementor-element elementor-element-c083422 elementor-section-full_width elementor-section-stretched elementor-section-height-default elementor-section-height-default\" data-id=\"c083422\" data-element_type=\"section\" data-e-type=\"section\" data-settings=\"{&quot;background_background&quot;:&quot;classic&quot;,&quot;stretch_section&quot;:&quot;section-stretched&quot;}\">\n\t\t\t\t\t\t\t<div class=\"elementor-background-overlay\"><\/div>\n\t\t\t\t\t\t\t<div class=\"elementor-container elementor-column-gap-default\">\n\t\t\t\t\t<div class=\"elementor-column elementor-col-100 elementor-top-column elementor-element elementor-element-8c0c42a\" data-id=\"8c0c42a\" data-element_type=\"column\" data-e-type=\"column\">\n\t\t\t<div class=\"elementor-widget-wrap elementor-element-populated\">\n\t\t\t\t\t\t<div class=\"elementor-element elementor-element-e65b555 elementor-invisible elementor-widget elementor-widget-heading\" data-id=\"e65b555\" data-element_type=\"widget\" data-e-type=\"widget\" data-settings=\"{&quot;_animation&quot;:&quot;fadeIn&quot;}\" data-widget_type=\"heading.default\">\n\t\t\t\t<div class=\"elementor-widget-container\">\n\t\t\t\t\t<h1 class=\"elementor-heading-title elementor-size-default\"><a href=\"https:\/\/marinepoiraton.com\/identite-visuelle\/\">identit\u00e9<\/a><\/h1>\t\t\t\t<\/div>\n\t\t\t\t<\/div>\n\t\t\t\t<div class=\"elementor-element elementor-element-2c02528 elementor-invisible elementor-widget elementor-widget-heading\" data-id=\"2c02528\" data-element_type=\"widget\" data-e-type=\"widget\" data-settings=\"{&quot;motion_fx_motion_fx_scrolling&quot;:&quot;yes&quot;,&quot;_animation&quot;:&quot;zoomIn&quot;,&quot;motion_fx_devices&quot;:[&quot;desktop&quot;,&quot;tablet&quot;,&quot;mobile&quot;]}\" data-widget_type=\"heading.default\">\n\t\t\t\t<div class=\"elementor-widget-container\">\n\t\t\t\t\t<h1 class=\"elementor-heading-title elementor-size-default\">DolceVia<\/h1>\t\t\t\t<\/div>\n\t\t\t\t<\/div>\n\t\t\t\t\t<\/div>\n\t\t<\/div>\n\t\t\t\t\t<\/div>\n\t\t<\/section>\n\t\t\t\t<section class=\"elementor-section elementor-top-section elementor-element elementor-element-318f8aa elementor-section-boxed elementor-section-height-default elementor-section-height-default\" data-id=\"318f8aa\" data-element_type=\"section\" data-e-type=\"section\">\n\t\t\t\t\t\t<div class=\"elementor-container elementor-column-gap-default\">\n\t\t\t\t\t<div class=\"elementor-column elementor-col-100 elementor-top-column elementor-element elementor-element-6f61d73\" data-id=\"6f61d73\" data-element_type=\"column\" data-e-type=\"column\">\n\t\t\t<div class=\"elementor-widget-wrap elementor-element-populated\">\n\t\t\t\t\t\t<div class=\"elementor-element elementor-element-54eef41 elementor-position-top elementor-invisible elementor-widget elementor-widget-image-box\" data-id=\"54eef41\" data-element_type=\"widget\" data-e-type=\"widget\" data-settings=\"{&quot;_animation&quot;:&quot;fadeIn&quot;}\" data-widget_type=\"image-box.default\">\n\t\t\t\t<div class=\"elementor-widget-container\">\n\t\t\t\t\t<div class=\"elementor-image-box-wrapper\"><figure class=\"elementor-image-box-img\"><img fetchpriority=\"high\" decoding=\"async\" width=\"1920\" height=\"1080\" src=\"https:\/\/marinepoiraton.com\/wp-content\/uploads\/2020\/11\/Identite_Services_Autoroutiers_Marine_Poiraton_1.jpg\" class=\"attachment-full size-full wp-image-4086\" alt=\"\" srcset=\"https:\/\/marinepoiraton.com\/wp-content\/uploads\/2020\/11\/Identite_Services_Autoroutiers_Marine_Poiraton_1.jpg 1920w, https:\/\/marinepoiraton.com\/wp-content\/uploads\/2020\/11\/Identite_Services_Autoroutiers_Marine_Poiraton_1-300x169.jpg 300w, https:\/\/marinepoiraton.com\/wp-content\/uploads\/2020\/11\/Identite_Services_Autoroutiers_Marine_Poiraton_1-1024x576.jpg 1024w, https:\/\/marinepoiraton.com\/wp-content\/uploads\/2020\/11\/Identite_Services_Autoroutiers_Marine_Poiraton_1-768x432.jpg 768w, https:\/\/marinepoiraton.com\/wp-content\/uploads\/2020\/11\/Identite_Services_Autoroutiers_Marine_Poiraton_1-1536x864.jpg 1536w, https:\/\/marinepoiraton.com\/wp-content\/uploads\/2020\/11\/Identite_Services_Autoroutiers_Marine_Poiraton_1-16x9.jpg 16w\" sizes=\"(max-width: 1920px) 100vw, 1920px\" \/><\/figure><\/div>\t\t\t\t<\/div>\n\t\t\t\t<\/div>\n\t\t\t\t\t<\/div>\n\t\t<\/div>\n\t\t\t\t\t<\/div>\n\t\t<\/section>\n\t\t\t\t<section class=\"elementor-section elementor-top-section elementor-element elementor-element-11740c2 elementor-section-content-middle elementor-reverse-mobile elementor-section-boxed elementor-section-height-default elementor-section-height-default elementor-invisible\" data-id=\"11740c2\" data-element_type=\"section\" data-e-type=\"section\" data-settings=\"{&quot;animation&quot;:&quot;fadeIn&quot;}\">\n\t\t\t\t\t\t<div class=\"elementor-container elementor-column-gap-no\">\n\t\t\t\t\t<div class=\"elementor-column elementor-col-50 elementor-top-column elementor-element elementor-element-42258ae\" data-id=\"42258ae\" data-element_type=\"column\" data-e-type=\"column\">\n\t\t\t<div class=\"elementor-widget-wrap elementor-element-populated\">\n\t\t\t\t\t\t<div class=\"elementor-element elementor-element-c03111a elementor-invisible elementor-widget elementor-widget-image\" data-id=\"c03111a\" data-element_type=\"widget\" data-e-type=\"widget\" data-settings=\"{&quot;_animation&quot;:&quot;fadeIn&quot;}\" data-widget_type=\"image.default\">\n\t\t\t\t<div class=\"elementor-widget-container\">\n\t\t\t\t\t\t\t\t\t\t\t\t\t\t\t<img decoding=\"async\" src=\"https:\/\/marinepoiraton.com\/wp-content\/uploads\/2020\/11\/Identite_Services_Autoroutiers_Marine_Poiraton_3.jpg\" title=\"Identite_Services_Autoroutiers_Marine_Poiraton_3\" alt=\"Identite_Services_Autoroutiers_Marine_Poiraton_3\" loading=\"lazy\" \/>\t\t\t\t\t\t\t\t\t\t\t\t\t\t\t<\/div>\n\t\t\t\t<\/div>\n\t\t\t\t\t<\/div>\n\t\t<\/div>\n\t\t\t\t<div class=\"elementor-column elementor-col-50 elementor-top-column elementor-element elementor-element-c370e25\" data-id=\"c370e25\" data-element_type=\"column\" data-e-type=\"column\">\n\t\t\t<div class=\"elementor-widget-wrap elementor-element-populated\">\n\t\t\t\t\t\t<div class=\"elementor-element elementor-element-514e2be elementor-invisible elementor-widget elementor-widget-text-editor\" data-id=\"514e2be\" data-element_type=\"widget\" data-e-type=\"widget\" data-settings=\"{&quot;_animation&quot;:&quot;fadeIn&quot;}\" data-widget_type=\"text-editor.default\">\n\t\t\t\t<div class=\"elementor-widget-container\">\n\t\t\t\t\t\t\t\t\t<p>Logotype, campagne et identit\u00e9 visuelle fictive pour les services autoroutiers de DolceVia.<br \/><br \/>Cr\u00e9ation et r\u00e9alisation de rosaces illustr\u00e9es afin de mettre en avant les diff\u00e9rents services : la restauration, les aires de repos et la s\u00e9curit\u00e9.<\/p>\t\t\t\t\t\t\t\t<\/div>\n\t\t\t\t<\/div>\n\t\t\t\t\t<\/div>\n\t\t<\/div>\n\t\t\t\t\t<\/div>\n\t\t<\/section>\n\t\t\t\t<section class=\"elementor-section elementor-top-section elementor-element elementor-element-f9ea6c4 elementor-section-boxed elementor-section-height-default elementor-section-height-default elementor-invisible\" data-id=\"f9ea6c4\" data-element_type=\"section\" data-e-type=\"section\" data-settings=\"{&quot;animation&quot;:&quot;fadeIn&quot;}\">\n\t\t\t\t\t\t<div class=\"elementor-container elementor-column-gap-default\">\n\t\t\t\t\t<div class=\"elementor-column elementor-col-50 elementor-top-column elementor-element elementor-element-6cde2fc\" data-id=\"6cde2fc\" data-element_type=\"column\" data-e-type=\"column\">\n\t\t\t<div class=\"elementor-widget-wrap elementor-element-populated\">\n\t\t\t\t\t\t<div class=\"elementor-element elementor-element-3af1cd5 elementor-invisible elementor-widget elementor-widget-image\" data-id=\"3af1cd5\" data-element_type=\"widget\" data-e-type=\"widget\" data-settings=\"{&quot;motion_fx_motion_fx_scrolling&quot;:&quot;yes&quot;,&quot;motion_fx_translateX_effect&quot;:&quot;yes&quot;,&quot;motion_fx_translateX_direction&quot;:&quot;negative&quot;,&quot;motion_fx_translateX_affectedRange&quot;:{&quot;unit&quot;:&quot;%&quot;,&quot;size&quot;:&quot;&quot;,&quot;sizes&quot;:{&quot;start&quot;:0,&quot;end&quot;:50}},&quot;_animation&quot;:&quot;fadeIn&quot;,&quot;motion_fx_translateX_speed&quot;:{&quot;unit&quot;:&quot;px&quot;,&quot;size&quot;:4,&quot;sizes&quot;:[]},&quot;motion_fx_devices&quot;:[&quot;desktop&quot;,&quot;tablet&quot;,&quot;mobile&quot;]}\" data-widget_type=\"image.default\">\n\t\t\t\t<div class=\"elementor-widget-container\">\n\t\t\t\t\t\t\t\t\t\t\t\t\t\t\t<img decoding=\"async\" width=\"800\" height=\"450\" src=\"https:\/\/marinepoiraton.com\/wp-content\/uploads\/2020\/11\/Identite_Services_Autoroutiers_Marine_Poiraton_5-1024x576.jpg\" class=\"attachment-large size-large wp-image-4090\" alt=\"\" srcset=\"https:\/\/marinepoiraton.com\/wp-content\/uploads\/2020\/11\/Identite_Services_Autoroutiers_Marine_Poiraton_5-1024x576.jpg 1024w, https:\/\/marinepoiraton.com\/wp-content\/uploads\/2020\/11\/Identite_Services_Autoroutiers_Marine_Poiraton_5-300x169.jpg 300w, https:\/\/marinepoiraton.com\/wp-content\/uploads\/2020\/11\/Identite_Services_Autoroutiers_Marine_Poiraton_5-768x432.jpg 768w, https:\/\/marinepoiraton.com\/wp-content\/uploads\/2020\/11\/Identite_Services_Autoroutiers_Marine_Poiraton_5-1536x864.jpg 1536w, https:\/\/marinepoiraton.com\/wp-content\/uploads\/2020\/11\/Identite_Services_Autoroutiers_Marine_Poiraton_5-16x9.jpg 16w, https:\/\/marinepoiraton.com\/wp-content\/uploads\/2020\/11\/Identite_Services_Autoroutiers_Marine_Poiraton_5.jpg 1920w\" sizes=\"(max-width: 800px) 100vw, 800px\" \/>\t\t\t\t\t\t\t\t\t\t\t\t\t\t\t<\/div>\n\t\t\t\t<\/div>\n\t\t\t\t\t<\/div>\n\t\t<\/div>\n\t\t\t\t<div class=\"elementor-column elementor-col-50 elementor-top-column elementor-element elementor-element-74944c4\" data-id=\"74944c4\" data-element_type=\"column\" data-e-type=\"column\">\n\t\t\t<div class=\"elementor-widget-wrap elementor-element-populated\">\n\t\t\t\t\t\t<div class=\"elementor-element elementor-element-ff5fe36 elementor-invisible elementor-widget elementor-widget-image\" data-id=\"ff5fe36\" data-element_type=\"widget\" data-e-type=\"widget\" data-settings=\"{&quot;motion_fx_motion_fx_scrolling&quot;:&quot;yes&quot;,&quot;motion_fx_translateX_effect&quot;:&quot;yes&quot;,&quot;motion_fx_translateX_affectedRange&quot;:{&quot;unit&quot;:&quot;%&quot;,&quot;size&quot;:&quot;&quot;,&quot;sizes&quot;:{&quot;start&quot;:0,&quot;end&quot;:50}},&quot;_animation&quot;:&quot;fadeIn&quot;,&quot;motion_fx_translateX_speed&quot;:{&quot;unit&quot;:&quot;px&quot;,&quot;size&quot;:4,&quot;sizes&quot;:[]},&quot;motion_fx_devices&quot;:[&quot;desktop&quot;,&quot;tablet&quot;,&quot;mobile&quot;]}\" data-widget_type=\"image.default\">\n\t\t\t\t<div class=\"elementor-widget-container\">\n\t\t\t\t\t\t\t\t\t\t\t\t\t\t\t<img decoding=\"async\" width=\"800\" height=\"450\" src=\"https:\/\/marinepoiraton.com\/wp-content\/uploads\/2020\/11\/Identite_Services_Autoroutiers_Marine_Poiraton_6-1024x576.jpg\" class=\"attachment-large size-large wp-image-4091\" alt=\"\" srcset=\"https:\/\/marinepoiraton.com\/wp-content\/uploads\/2020\/11\/Identite_Services_Autoroutiers_Marine_Poiraton_6-1024x576.jpg 1024w, https:\/\/marinepoiraton.com\/wp-content\/uploads\/2020\/11\/Identite_Services_Autoroutiers_Marine_Poiraton_6-300x169.jpg 300w, https:\/\/marinepoiraton.com\/wp-content\/uploads\/2020\/11\/Identite_Services_Autoroutiers_Marine_Poiraton_6-768x432.jpg 768w, https:\/\/marinepoiraton.com\/wp-content\/uploads\/2020\/11\/Identite_Services_Autoroutiers_Marine_Poiraton_6-1536x864.jpg 1536w, https:\/\/marinepoiraton.com\/wp-content\/uploads\/2020\/11\/Identite_Services_Autoroutiers_Marine_Poiraton_6-16x9.jpg 16w, https:\/\/marinepoiraton.com\/wp-content\/uploads\/2020\/11\/Identite_Services_Autoroutiers_Marine_Poiraton_6.jpg 1920w\" sizes=\"(max-width: 800px) 100vw, 800px\" \/>\t\t\t\t\t\t\t\t\t\t\t\t\t\t\t<\/div>\n\t\t\t\t<\/div>\n\t\t\t\t\t<\/div>\n\t\t<\/div>\n\t\t\t\t\t<\/div>\n\t\t<\/section>\n\t\t\t\t<section class=\"elementor-section elementor-top-section elementor-element elementor-element-ceb18cc elementor-section-boxed elementor-section-height-default elementor-section-height-default elementor-invisible\" data-id=\"ceb18cc\" data-element_type=\"section\" data-e-type=\"section\" data-settings=\"{&quot;animation&quot;:&quot;fadeIn&quot;}\">\n\t\t\t\t\t\t<div class=\"elementor-container elementor-column-gap-default\">\n\t\t\t\t\t<div class=\"elementor-column elementor-col-100 elementor-top-column elementor-element elementor-element-5be93da\" data-id=\"5be93da\" data-element_type=\"column\" data-e-type=\"column\">\n\t\t\t<div class=\"elementor-widget-wrap elementor-element-populated\">\n\t\t\t\t\t\t<div class=\"elementor-element elementor-element-57e57b8 elementor-widget elementor-widget-gallery\" data-id=\"57e57b8\" data-element_type=\"widget\" data-e-type=\"widget\" data-settings=\"{&quot;image_hover_animation&quot;:&quot;grow&quot;,&quot;lazyload&quot;:&quot;yes&quot;,&quot;gallery_layout&quot;:&quot;grid&quot;,&quot;columns&quot;:4,&quot;columns_tablet&quot;:2,&quot;columns_mobile&quot;:1,&quot;gap&quot;:{&quot;unit&quot;:&quot;px&quot;,&quot;size&quot;:10,&quot;sizes&quot;:[]},&quot;gap_tablet&quot;:{&quot;unit&quot;:&quot;px&quot;,&quot;size&quot;:10,&quot;sizes&quot;:[]},&quot;gap_mobile&quot;:{&quot;unit&quot;:&quot;px&quot;,&quot;size&quot;:10,&quot;sizes&quot;:[]},&quot;link_to&quot;:&quot;file&quot;,&quot;aspect_ratio&quot;:&quot;3:2&quot;,&quot;overlay_background&quot;:&quot;yes&quot;,&quot;content_hover_animation&quot;:&quot;fade-in&quot;}\" data-widget_type=\"gallery.default\">\n\t\t\t\t<div class=\"elementor-widget-container\">\n\t\t\t\t\t\t\t<div class=\"elementor-gallery__container\">\n\t\t\t\t\t\t\t<a class=\"e-gallery-item elementor-gallery-item elementor-animated-content\" href=\"https:\/\/marinepoiraton.com\/wp-content\/uploads\/2020\/11\/Identite_Services_Autoroutiers_Marine_Poiraton_2.jpg\" data-elementor-open-lightbox=\"yes\" data-elementor-lightbox-slideshow=\"57e57b8\" data-elementor-lightbox-title=\"Identite_Services_Autoroutiers_Marine_Poiraton_2\" data-e-action-hash=\"#elementor-action%3Aaction%3Dlightbox%26settings%3DeyJpZCI6NDA4NywidXJsIjoiaHR0cHM6XC9cL21hcmluZXBvaXJhdG9uLmNvbVwvd3AtY29udGVudFwvdXBsb2Fkc1wvMjAyMFwvMTFcL0lkZW50aXRlX1NlcnZpY2VzX0F1dG9yb3V0aWVyc19NYXJpbmVfUG9pcmF0b25fMi5qcGciLCJzbGlkZXNob3ciOiI1N2U1N2I4In0%3D\">\n\t\t\t\t\t<div class=\"e-gallery-image elementor-gallery-item__image\" data-thumbnail=\"https:\/\/marinepoiraton.com\/wp-content\/uploads\/2020\/11\/Identite_Services_Autoroutiers_Marine_Poiraton_2.jpg\" data-width=\"1920\" data-height=\"1080\" aria-label=\"\" role=\"img\" ><\/div>\n\t\t\t\t\t\t\t\t\t\t\t<div class=\"elementor-gallery-item__overlay\"><\/div>\n\t\t\t\t\t\t\t\t\t\t\t\t\t\t<\/a>\n\t\t\t\t\t\t\t<a class=\"e-gallery-item elementor-gallery-item elementor-animated-content\" href=\"https:\/\/marinepoiraton.com\/wp-content\/uploads\/2020\/11\/Identite_Services_Autoroutiers_Marine_Poiraton_8.jpg\" data-elementor-open-lightbox=\"yes\" data-elementor-lightbox-slideshow=\"57e57b8\" data-elementor-lightbox-title=\"Identite_Services_Autoroutiers_Marine_Poiraton_8\" data-e-action-hash=\"#elementor-action%3Aaction%3Dlightbox%26settings%3DeyJpZCI6NDA5MiwidXJsIjoiaHR0cHM6XC9cL21hcmluZXBvaXJhdG9uLmNvbVwvd3AtY29udGVudFwvdXBsb2Fkc1wvMjAyMFwvMTFcL0lkZW50aXRlX1NlcnZpY2VzX0F1dG9yb3V0aWVyc19NYXJpbmVfUG9pcmF0b25fOC5qcGciLCJzbGlkZXNob3ciOiI1N2U1N2I4In0%3D\">\n\t\t\t\t\t<div class=\"e-gallery-image elementor-gallery-item__image\" data-thumbnail=\"https:\/\/marinepoiraton.com\/wp-content\/uploads\/2020\/11\/Identite_Services_Autoroutiers_Marine_Poiraton_8.jpg\" data-width=\"1920\" data-height=\"1080\" aria-label=\"\" role=\"img\" ><\/div>\n\t\t\t\t\t\t\t\t\t\t\t<div class=\"elementor-gallery-item__overlay\"><\/div>\n\t\t\t\t\t\t\t\t\t\t\t\t\t\t<\/a>\n\t\t\t\t\t\t\t<a class=\"e-gallery-item elementor-gallery-item elementor-animated-content\" href=\"https:\/\/marinepoiraton.com\/wp-content\/uploads\/2020\/11\/Identite_Services_Autoroutiers_Marine_Poiraton_9.jpg\" data-elementor-open-lightbox=\"yes\" data-elementor-lightbox-slideshow=\"57e57b8\" data-elementor-lightbox-title=\"Identite_Services_Autoroutiers_Marine_Poiraton_9\" data-e-action-hash=\"#elementor-action%3Aaction%3Dlightbox%26settings%3DeyJpZCI6NDA5MywidXJsIjoiaHR0cHM6XC9cL21hcmluZXBvaXJhdG9uLmNvbVwvd3AtY29udGVudFwvdXBsb2Fkc1wvMjAyMFwvMTFcL0lkZW50aXRlX1NlcnZpY2VzX0F1dG9yb3V0aWVyc19NYXJpbmVfUG9pcmF0b25fOS5qcGciLCJzbGlkZXNob3ciOiI1N2U1N2I4In0%3D\">\n\t\t\t\t\t<div class=\"e-gallery-image elementor-gallery-item__image\" data-thumbnail=\"https:\/\/marinepoiraton.com\/wp-content\/uploads\/2020\/11\/Identite_Services_Autoroutiers_Marine_Poiraton_9.jpg\" data-width=\"1920\" data-height=\"1080\" aria-label=\"\" role=\"img\" ><\/div>\n\t\t\t\t\t\t\t\t\t\t\t<div class=\"elementor-gallery-item__overlay\"><\/div>\n\t\t\t\t\t\t\t\t\t\t\t\t\t\t<\/a>\n\t\t\t\t\t\t\t<a class=\"e-gallery-item elementor-gallery-item elementor-animated-content\" href=\"https:\/\/marinepoiraton.com\/wp-content\/uploads\/2020\/11\/Identite_Services_Autoroutiers_Marine_Poiraton_10.jpg\" data-elementor-open-lightbox=\"yes\" data-elementor-lightbox-slideshow=\"57e57b8\" data-elementor-lightbox-title=\"Identite_Services_Autoroutiers_Marine_Poiraton_10\" data-e-action-hash=\"#elementor-action%3Aaction%3Dlightbox%26settings%3DeyJpZCI6NDA5NCwidXJsIjoiaHR0cHM6XC9cL21hcmluZXBvaXJhdG9uLmNvbVwvd3AtY29udGVudFwvdXBsb2Fkc1wvMjAyMFwvMTFcL0lkZW50aXRlX1NlcnZpY2VzX0F1dG9yb3V0aWVyc19NYXJpbmVfUG9pcmF0b25fMTAuanBnIiwic2xpZGVzaG93IjoiNTdlNTdiOCJ9\">\n\t\t\t\t\t<div class=\"e-gallery-image elementor-gallery-item__image\" data-thumbnail=\"https:\/\/marinepoiraton.com\/wp-content\/uploads\/2020\/11\/Identite_Services_Autoroutiers_Marine_Poiraton_10.jpg\" data-width=\"1920\" data-height=\"1080\" aria-label=\"\" role=\"img\" ><\/div>\n\t\t\t\t\t\t\t\t\t\t\t<div class=\"elementor-gallery-item__overlay\"><\/div>\n\t\t\t\t\t\t\t\t\t\t\t\t\t\t<\/a>\n\t\t\t\t\t<\/div>\n\t\t\t\t\t<\/div>\n\t\t\t\t<\/div>\n\t\t\t\t\t<\/div>\n\t\t<\/div>\n\t\t\t\t\t<\/div>\n\t\t<\/section>\n\t\t\t\t<\/div>\n\t\t","protected":false},"excerpt":{"rendered":"<p>identit\u00e9 DolceVia Logotype, campagne et identit\u00e9 visuelle fictive pour les services autoroutiers de DolceVia. Cr\u00e9ation et r\u00e9alisation de rosaces illustr\u00e9es afin de mettre en avant les diff\u00e9rents services : la restauration, les aires de repos et la s\u00e9curit\u00e9.<\/p>","protected":false},"author":1,"featured_media":0,"parent":0,"menu_order":0,"comment_status":"closed","ping_status":"closed","template":"","meta":{"footnotes":""},"class_list":["post-1476","page","type-page","status-publish","hentry"],"_links":{"self":[{"href":"https:\/\/marinepoiraton.com\/en\/wp-json\/wp\/v2\/pages\/1476","targetHints":{"allow":["GET"]}}],"collection":[{"href":"https:\/\/marinepoiraton.com\/en\/wp-json\/wp\/v2\/pages"}],"about":[{"href":"https:\/\/marinepoiraton.com\/en\/wp-json\/wp\/v2\/types\/page"}],"author":[{"embeddable":true,"href":"https:\/\/marinepoiraton.com\/en\/wp-json\/wp\/v2\/users\/1"}],"replies":[{"embeddable":true,"href":"https:\/\/marinepoiraton.com\/en\/wp-json\/wp\/v2\/comments?post=1476"}],"version-history":[{"count":109,"href":"https:\/\/marinepoiraton.com\/en\/wp-json\/wp\/v2\/pages\/1476\/revisions"}],"predecessor-version":[{"id":6121,"href":"https:\/\/marinepoiraton.com\/en\/wp-json\/wp\/v2\/pages\/1476\/revisions\/6121"}],"wp:attachment":[{"href":"https:\/\/marinepoiraton.com\/en\/wp-json\/wp\/v2\/media?parent=1476"}],"curies":[{"name":"wp","href":"https:\/\/api.w.org\/{rel}","templated":true}]}}