{"id":1674,"date":"2020-08-31T18:32:19","date_gmt":"2020-08-31T16:32:19","guid":{"rendered":"https:\/\/marinepoiraton.com\/?page_id=1674"},"modified":"2020-11-30T14:32:58","modified_gmt":"2020-11-30T13:32:58","slug":"eiffage-energie-systemes","status":"publish","type":"page","link":"https:\/\/marinepoiraton.com\/en\/eiffage-energie-systemes\/","title":{"rendered":"Eiffage \u00c9nergie Syst\u00e8mes"},"content":{"rendered":"\t\t<div data-elementor-type=\"wp-page\" data-elementor-id=\"1674\" class=\"elementor elementor-1674\" data-elementor-post-type=\"page\">\n\t\t\t\t\t\t<section class=\"elementor-section elementor-top-section elementor-element elementor-element-dbe26d4 elementor-section-full_width elementor-section-stretched elementor-section-height-default elementor-section-height-default\" data-id=\"dbe26d4\" data-element_type=\"section\" data-e-type=\"section\" data-settings=\"{&quot;background_background&quot;:&quot;classic&quot;,&quot;stretch_section&quot;:&quot;section-stretched&quot;}\">\n\t\t\t\t\t\t\t<div class=\"elementor-background-overlay\"><\/div>\n\t\t\t\t\t\t\t<div class=\"elementor-container elementor-column-gap-default\">\n\t\t\t\t\t<div class=\"elementor-column elementor-col-100 elementor-top-column elementor-element elementor-element-61601aa\" data-id=\"61601aa\" data-element_type=\"column\" data-e-type=\"column\">\n\t\t\t<div class=\"elementor-widget-wrap elementor-element-populated\">\n\t\t\t\t\t\t<div class=\"elementor-element elementor-element-2ccbcd2 elementor-invisible elementor-widget elementor-widget-heading\" data-id=\"2ccbcd2\" data-element_type=\"widget\" data-e-type=\"widget\" data-settings=\"{&quot;_animation&quot;:&quot;fadeIn&quot;}\" data-widget_type=\"heading.default\">\n\t\t\t\t<div class=\"elementor-widget-container\">\n\t\t\t\t\t<h1 class=\"elementor-heading-title elementor-size-default\"><a href=\"https:\/\/marinepoiraton.com\/identite-visuelle\/\">identit\u00e9<\/a><\/h1>\t\t\t\t<\/div>\n\t\t\t\t<\/div>\n\t\t\t\t<div class=\"elementor-element elementor-element-77b4787 elementor-invisible elementor-widget elementor-widget-heading\" data-id=\"77b4787\" data-element_type=\"widget\" data-e-type=\"widget\" data-settings=\"{&quot;motion_fx_motion_fx_scrolling&quot;:&quot;yes&quot;,&quot;_animation&quot;:&quot;zoomIn&quot;,&quot;motion_fx_devices&quot;:[&quot;desktop&quot;,&quot;tablet&quot;,&quot;mobile&quot;]}\" data-widget_type=\"heading.default\">\n\t\t\t\t<div class=\"elementor-widget-container\">\n\t\t\t\t\t<h1 class=\"elementor-heading-title elementor-size-default\">Eiffage \u00c9nergie Syst\u00e8mes<\/h1>\t\t\t\t<\/div>\n\t\t\t\t<\/div>\n\t\t\t\t\t<\/div>\n\t\t<\/div>\n\t\t\t\t\t<\/div>\n\t\t<\/section>\n\t\t\t\t<section class=\"elementor-section elementor-top-section elementor-element elementor-element-c01a605 elementor-section-boxed elementor-section-height-default elementor-section-height-default\" data-id=\"c01a605\" data-element_type=\"section\" data-e-type=\"section\">\n\t\t\t\t\t\t<div class=\"elementor-container elementor-column-gap-default\">\n\t\t\t\t\t<div class=\"elementor-column elementor-col-50 elementor-top-column elementor-element elementor-element-b912426 elementor-invisible\" data-id=\"b912426\" data-element_type=\"column\" data-e-type=\"column\" data-settings=\"{&quot;animation&quot;:&quot;fadeIn&quot;}\">\n\t\t\t<div class=\"elementor-widget-wrap elementor-element-populated\">\n\t\t\t\t\t\t<div class=\"elementor-element elementor-element-fbde9b1 elementor-widget elementor-widget-image\" data-id=\"fbde9b1\" data-element_type=\"widget\" data-e-type=\"widget\" data-widget_type=\"image.default\">\n\t\t\t\t<div class=\"elementor-widget-container\">\n\t\t\t\t\t\t\t\t\t\t\t\t\t\t\t<img fetchpriority=\"high\" decoding=\"async\" width=\"800\" height=\"800\" src=\"https:\/\/marinepoiraton.com\/wp-content\/uploads\/2020\/11\/Identite_EES_Marine_Poiraton_2.png\" class=\"attachment-large size-large wp-image-4160\" alt=\"\" srcset=\"https:\/\/marinepoiraton.com\/wp-content\/uploads\/2020\/11\/Identite_EES_Marine_Poiraton_2.png 934w, https:\/\/marinepoiraton.com\/wp-content\/uploads\/2020\/11\/Identite_EES_Marine_Poiraton_2-300x300.png 300w, https:\/\/marinepoiraton.com\/wp-content\/uploads\/2020\/11\/Identite_EES_Marine_Poiraton_2-150x150.png 150w, https:\/\/marinepoiraton.com\/wp-content\/uploads\/2020\/11\/Identite_EES_Marine_Poiraton_2-768x768.png 768w, https:\/\/marinepoiraton.com\/wp-content\/uploads\/2020\/11\/Identite_EES_Marine_Poiraton_2-12x12.png 12w, https:\/\/marinepoiraton.com\/wp-content\/uploads\/2020\/11\/Identite_EES_Marine_Poiraton_2-640x640.png 640w, https:\/\/marinepoiraton.com\/wp-content\/uploads\/2020\/11\/Identite_EES_Marine_Poiraton_2-50x50.png 50w\" sizes=\"(max-width: 800px) 100vw, 800px\" \/>\t\t\t\t\t\t\t\t\t\t\t\t\t\t\t<\/div>\n\t\t\t\t<\/div>\n\t\t\t\t\t<\/div>\n\t\t<\/div>\n\t\t\t\t<div class=\"elementor-column elementor-col-50 elementor-top-column elementor-element elementor-element-cb7f5f6 elementor-invisible\" data-id=\"cb7f5f6\" data-element_type=\"column\" data-e-type=\"column\" data-settings=\"{&quot;motion_fx_motion_fx_scrolling&quot;:&quot;yes&quot;,&quot;animation&quot;:&quot;fadeIn&quot;,&quot;motion_fx_devices&quot;:[&quot;desktop&quot;,&quot;tablet&quot;,&quot;mobile&quot;]}\">\n\t\t\t<div class=\"elementor-widget-wrap elementor-element-populated\">\n\t\t\t\t\t\t<div class=\"elementor-element elementor-element-9846207 elementor-widget elementor-widget-image\" data-id=\"9846207\" data-element_type=\"widget\" data-e-type=\"widget\" data-widget_type=\"image.default\">\n\t\t\t\t<div class=\"elementor-widget-container\">\n\t\t\t\t\t\t\t\t\t\t\t\t\t\t\t<img decoding=\"async\" width=\"800\" height=\"800\" src=\"https:\/\/marinepoiraton.com\/wp-content\/uploads\/2020\/11\/Identite_EES_Marine_Poiraton_1.png\" class=\"attachment-large size-large wp-image-4159\" alt=\"\" srcset=\"https:\/\/marinepoiraton.com\/wp-content\/uploads\/2020\/11\/Identite_EES_Marine_Poiraton_1.png 934w, https:\/\/marinepoiraton.com\/wp-content\/uploads\/2020\/11\/Identite_EES_Marine_Poiraton_1-300x300.png 300w, https:\/\/marinepoiraton.com\/wp-content\/uploads\/2020\/11\/Identite_EES_Marine_Poiraton_1-150x150.png 150w, https:\/\/marinepoiraton.com\/wp-content\/uploads\/2020\/11\/Identite_EES_Marine_Poiraton_1-768x768.png 768w, https:\/\/marinepoiraton.com\/wp-content\/uploads\/2020\/11\/Identite_EES_Marine_Poiraton_1-12x12.png 12w, https:\/\/marinepoiraton.com\/wp-content\/uploads\/2020\/11\/Identite_EES_Marine_Poiraton_1-640x640.png 640w, https:\/\/marinepoiraton.com\/wp-content\/uploads\/2020\/11\/Identite_EES_Marine_Poiraton_1-50x50.png 50w\" sizes=\"(max-width: 800px) 100vw, 800px\" \/>\t\t\t\t\t\t\t\t\t\t\t\t\t\t\t<\/div>\n\t\t\t\t<\/div>\n\t\t\t\t\t<\/div>\n\t\t<\/div>\n\t\t\t\t\t<\/div>\n\t\t<\/section>\n\t\t\t\t<section class=\"elementor-section elementor-top-section elementor-element elementor-element-fde120e elementor-section-boxed elementor-section-height-default elementor-section-height-default elementor-invisible\" data-id=\"fde120e\" data-element_type=\"section\" data-e-type=\"section\" data-settings=\"{&quot;motion_fx_motion_fx_scrolling&quot;:&quot;yes&quot;,&quot;motion_fx_translateY_effect&quot;:&quot;yes&quot;,&quot;animation&quot;:&quot;fadeIn&quot;,&quot;motion_fx_translateY_speed&quot;:{&quot;unit&quot;:&quot;px&quot;,&quot;size&quot;:4,&quot;sizes&quot;:[]},&quot;motion_fx_translateY_affectedRange&quot;:{&quot;unit&quot;:&quot;%&quot;,&quot;size&quot;:&quot;&quot;,&quot;sizes&quot;:{&quot;start&quot;:0,&quot;end&quot;:100}},&quot;motion_fx_devices&quot;:[&quot;desktop&quot;,&quot;tablet&quot;,&quot;mobile&quot;]}\">\n\t\t\t\t\t\t<div class=\"elementor-container elementor-column-gap-default\">\n\t\t\t\t\t<div class=\"elementor-column elementor-col-100 elementor-top-column elementor-element elementor-element-7bfc64b\" data-id=\"7bfc64b\" data-element_type=\"column\" data-e-type=\"column\">\n\t\t\t<div class=\"elementor-widget-wrap elementor-element-populated\">\n\t\t\t\t\t\t<div class=\"elementor-element elementor-element-6dd22fe elementor-invisible elementor-widget elementor-widget-text-editor\" data-id=\"6dd22fe\" data-element_type=\"widget\" data-e-type=\"widget\" data-settings=\"{&quot;_animation&quot;:&quot;fadeIn&quot;}\" data-widget_type=\"text-editor.default\">\n\t\t\t\t<div class=\"elementor-widget-container\">\n\t\t\t\t\t\t\t\t\t<p style=\"text-align: center;\">Cr\u00e9ation et r\u00e9alisation d&rsquo;une identit\u00e9 fictive pour Eiffage \u00c9nergie Syst\u00e8mes, bas\u00e9e sur le mouvement de diff\u00e9rents blocs\/formes de couleurs.<br><br>Eiffage \u00c9nergie Syst\u00e8mes est la marque des m\u00e9tiers de l&rsquo;\u00e9nergie du groupe Eiffage lanc\u00e9e d\u00e9but 2018, pour \u00eatre plus \u00e0 l&rsquo;image de la diversit\u00e9 des comp\u00e9tences et des sp\u00e9cialit\u00e9s qui la composent. Eiffage \u00c9nergie Syst\u00e8mes s&rsquo;adresse \u00e0 quatre grands march\u00e9s : l&rsquo;industrie, le tertiaire, les infrastructures &amp; les r\u00e9seaux, les villes et les collectivit\u00e9s.<\/p>\t\t\t\t\t\t\t\t<\/div>\n\t\t\t\t<\/div>\n\t\t\t\t\t<\/div>\n\t\t<\/div>\n\t\t\t\t\t<\/div>\n\t\t<\/section>\n\t\t\t\t<section class=\"elementor-section elementor-top-section elementor-element elementor-element-e3ddbbe elementor-section-boxed elementor-section-height-default elementor-section-height-default\" data-id=\"e3ddbbe\" data-element_type=\"section\" data-e-type=\"section\">\n\t\t\t\t\t\t<div class=\"elementor-container elementor-column-gap-default\">\n\t\t\t\t\t<div class=\"elementor-column elementor-col-100 elementor-top-column elementor-element elementor-element-fa8bd9b elementor-invisible\" data-id=\"fa8bd9b\" data-element_type=\"column\" data-e-type=\"column\" data-settings=\"{&quot;animation&quot;:&quot;fadeIn&quot;}\">\n\t\t\t<div class=\"elementor-widget-wrap elementor-element-populated\">\n\t\t\t\t\t\t<div class=\"elementor-element elementor-element-222eca7 elementor-widget elementor-widget-image\" data-id=\"222eca7\" data-element_type=\"widget\" data-e-type=\"widget\" data-widget_type=\"image.default\">\n\t\t\t\t<div class=\"elementor-widget-container\">\n\t\t\t\t\t\t\t\t\t\t\t\t\t\t\t<img decoding=\"async\" width=\"1842\" height=\"939\" src=\"https:\/\/marinepoiraton.com\/wp-content\/uploads\/2020\/11\/Identite_EES_Marine_Poiraton_3.png\" class=\"attachment-full size-full wp-image-4161\" alt=\"\" srcset=\"https:\/\/marinepoiraton.com\/wp-content\/uploads\/2020\/11\/Identite_EES_Marine_Poiraton_3.png 1842w, https:\/\/marinepoiraton.com\/wp-content\/uploads\/2020\/11\/Identite_EES_Marine_Poiraton_3-300x153.png 300w, https:\/\/marinepoiraton.com\/wp-content\/uploads\/2020\/11\/Identite_EES_Marine_Poiraton_3-1024x522.png 1024w, https:\/\/marinepoiraton.com\/wp-content\/uploads\/2020\/11\/Identite_EES_Marine_Poiraton_3-768x392.png 768w, https:\/\/marinepoiraton.com\/wp-content\/uploads\/2020\/11\/Identite_EES_Marine_Poiraton_3-1536x783.png 1536w, https:\/\/marinepoiraton.com\/wp-content\/uploads\/2020\/11\/Identite_EES_Marine_Poiraton_3-16x8.png 16w\" sizes=\"(max-width: 1842px) 100vw, 1842px\" \/>\t\t\t\t\t\t\t\t\t\t\t\t\t\t\t<\/div>\n\t\t\t\t<\/div>\n\t\t\t\t\t<\/div>\n\t\t<\/div>\n\t\t\t\t\t<\/div>\n\t\t<\/section>\n\t\t\t\t<section class=\"elementor-section elementor-top-section elementor-element elementor-element-e17d4e8 elementor-section-boxed elementor-section-height-default elementor-section-height-default\" data-id=\"e17d4e8\" data-element_type=\"section\" data-e-type=\"section\">\n\t\t\t\t\t\t<div class=\"elementor-container elementor-column-gap-default\">\n\t\t\t\t\t<div class=\"elementor-column elementor-col-50 elementor-top-column elementor-element elementor-element-d8c041a elementor-invisible\" data-id=\"d8c041a\" data-element_type=\"column\" data-e-type=\"column\" data-settings=\"{&quot;motion_fx_motion_fx_scrolling&quot;:&quot;yes&quot;,&quot;motion_fx_translateX_effect&quot;:&quot;yes&quot;,&quot;motion_fx_translateX_direction&quot;:&quot;negative&quot;,&quot;motion_fx_translateX_affectedRange&quot;:{&quot;unit&quot;:&quot;%&quot;,&quot;size&quot;:&quot;&quot;,&quot;sizes&quot;:{&quot;start&quot;:0,&quot;end&quot;:50}},&quot;animation&quot;:&quot;fadeIn&quot;,&quot;motion_fx_translateX_speed&quot;:{&quot;unit&quot;:&quot;px&quot;,&quot;size&quot;:4,&quot;sizes&quot;:[]},&quot;motion_fx_devices&quot;:[&quot;desktop&quot;,&quot;tablet&quot;,&quot;mobile&quot;]}\">\n\t\t\t<div class=\"elementor-widget-wrap elementor-element-populated\">\n\t\t\t\t\t\t<div class=\"elementor-element elementor-element-1dc2017 elementor--h-position-center elementor--v-position-middle elementor-widget elementor-widget-slides\" data-id=\"1dc2017\" data-element_type=\"widget\" data-e-type=\"widget\" data-settings=\"{&quot;navigation&quot;:&quot;none&quot;,&quot;autoplay_speed&quot;:500,&quot;transition&quot;:&quot;fade&quot;,&quot;autoplay&quot;:&quot;yes&quot;,&quot;pause_on_hover&quot;:&quot;yes&quot;,&quot;pause_on_interaction&quot;:&quot;yes&quot;,&quot;infinite&quot;:&quot;yes&quot;,&quot;transition_speed&quot;:500}\" data-widget_type=\"slides.default\">\n\t\t\t\t<div class=\"elementor-widget-container\">\n\t\t\t\t\t\t\t\t\t<div class=\"elementor-swiper\">\n\t\t\t\t\t<div class=\"elementor-slides-wrapper elementor-main-swiper swiper\" role=\"region\" aria-roledescription=\"carousel\" aria-label=\"Slides\" dir=\"ltr\" data-animation=\"fadeInUp\">\n\t\t\t\t<div class=\"swiper-wrapper elementor-slides\">\n\t\t\t\t\t\t\t\t\t\t<div class=\"elementor-repeater-item-14f2c13 swiper-slide\" role=\"group\" aria-roledescription=\"slide\"><div class=\"swiper-slide-bg\" role=\"img\" aria-label=\"Identite_EES_Marine_Poiraton_4A\"><\/div><div class=\"swiper-slide-inner\" ><div class=\"swiper-slide-contents\"><\/div><\/div><\/div><div class=\"elementor-repeater-item-1c4b9a2 swiper-slide\" role=\"group\" aria-roledescription=\"slide\"><div class=\"swiper-slide-bg\" role=\"img\" aria-label=\"Identite_EES_Marine_Poiraton_4B\"><\/div><div class=\"swiper-slide-inner\" ><div class=\"swiper-slide-contents\"><\/div><\/div><\/div><div class=\"elementor-repeater-item-1349b03 swiper-slide\" role=\"group\" aria-roledescription=\"slide\"><div class=\"swiper-slide-bg\" role=\"img\" aria-label=\"Identite_EES_Marine_Poiraton_4C\"><\/div><div class=\"swiper-slide-inner\" ><div class=\"swiper-slide-contents\"><\/div><\/div><\/div>\t\t\t\t<\/div>\n\t\t\t\t\t\t\t\t\t\t\t\t\t\t\t\t\t\t\t\t\t<\/div>\n\t\t\t\t<\/div>\n\t\t\t\t\t\t\t\t<\/div>\n\t\t\t\t<\/div>\n\t\t\t\t\t<\/div>\n\t\t<\/div>\n\t\t\t\t<div class=\"elementor-column elementor-col-50 elementor-top-column elementor-element elementor-element-6dd3d0a elementor-invisible\" data-id=\"6dd3d0a\" data-element_type=\"column\" data-e-type=\"column\" data-settings=\"{&quot;motion_fx_motion_fx_scrolling&quot;:&quot;yes&quot;,&quot;motion_fx_translateX_effect&quot;:&quot;yes&quot;,&quot;motion_fx_translateX_affectedRange&quot;:{&quot;unit&quot;:&quot;%&quot;,&quot;size&quot;:&quot;&quot;,&quot;sizes&quot;:{&quot;start&quot;:0,&quot;end&quot;:50}},&quot;animation&quot;:&quot;fadeIn&quot;,&quot;motion_fx_translateX_speed&quot;:{&quot;unit&quot;:&quot;px&quot;,&quot;size&quot;:4,&quot;sizes&quot;:[]},&quot;motion_fx_devices&quot;:[&quot;desktop&quot;,&quot;tablet&quot;,&quot;mobile&quot;]}\">\n\t\t\t<div class=\"elementor-widget-wrap elementor-element-populated\">\n\t\t\t\t\t\t<div class=\"elementor-element elementor-element-949adea elementor--h-position-center elementor--v-position-middle elementor-widget elementor-widget-slides\" data-id=\"949adea\" data-element_type=\"widget\" data-e-type=\"widget\" data-settings=\"{&quot;navigation&quot;:&quot;none&quot;,&quot;autoplay_speed&quot;:500,&quot;transition&quot;:&quot;fade&quot;,&quot;autoplay&quot;:&quot;yes&quot;,&quot;pause_on_hover&quot;:&quot;yes&quot;,&quot;pause_on_interaction&quot;:&quot;yes&quot;,&quot;infinite&quot;:&quot;yes&quot;,&quot;transition_speed&quot;:500}\" data-widget_type=\"slides.default\">\n\t\t\t\t<div class=\"elementor-widget-container\">\n\t\t\t\t\t\t\t\t\t<div class=\"elementor-swiper\">\n\t\t\t\t\t<div class=\"elementor-slides-wrapper elementor-main-swiper swiper\" role=\"region\" aria-roledescription=\"carousel\" aria-label=\"Slides\" dir=\"ltr\" data-animation=\"fadeInUp\">\n\t\t\t\t<div class=\"swiper-wrapper elementor-slides\">\n\t\t\t\t\t\t\t\t\t\t<div class=\"elementor-repeater-item-14f2c13 swiper-slide\" role=\"group\" aria-roledescription=\"slide\"><div class=\"swiper-slide-bg\" role=\"img\" aria-label=\"Identite_EES_Marine_Poiraton_5A\"><\/div><div class=\"swiper-slide-inner\" ><div class=\"swiper-slide-contents\"><\/div><\/div><\/div><div class=\"elementor-repeater-item-1c4b9a2 swiper-slide\" role=\"group\" aria-roledescription=\"slide\"><div class=\"swiper-slide-bg\" role=\"img\" aria-label=\"Identite_EES_Marine_Poiraton_5B\"><\/div><div class=\"swiper-slide-inner\" ><div class=\"swiper-slide-contents\"><\/div><\/div><\/div><div class=\"elementor-repeater-item-1349b03 swiper-slide\" role=\"group\" aria-roledescription=\"slide\"><div class=\"swiper-slide-bg\" role=\"img\" aria-label=\"Identite_EES_Marine_Poiraton_5C\"><\/div><div class=\"swiper-slide-inner\" ><div class=\"swiper-slide-contents\"><\/div><\/div><\/div>\t\t\t\t<\/div>\n\t\t\t\t\t\t\t\t\t\t\t\t\t\t\t\t\t\t\t\t\t<\/div>\n\t\t\t\t<\/div>\n\t\t\t\t\t\t\t\t<\/div>\n\t\t\t\t<\/div>\n\t\t\t\t\t<\/div>\n\t\t<\/div>\n\t\t\t\t\t<\/div>\n\t\t<\/section>\n\t\t\t\t<\/div>\n\t\t","protected":false},"excerpt":{"rendered":"<p>identit\u00e9 Eiffage \u00c9nergie Syst\u00e8mes Cr\u00e9ation et r\u00e9alisation d&rsquo;une identit\u00e9 fictive pour Eiffage \u00c9nergie Syst\u00e8mes, bas\u00e9e sur le mouvement de diff\u00e9rents blocs\/formes de couleurs. Eiffage \u00c9nergie Syst\u00e8mes est la marque des m\u00e9tiers de l&rsquo;\u00e9nergie du groupe Eiffage lanc\u00e9e d\u00e9but 2018, pour \u00eatre plus \u00e0 l&rsquo;image de la diversit\u00e9 des comp\u00e9tences et des sp\u00e9cialit\u00e9s qui la composent. [&hellip;]<\/p>\n","protected":false},"author":1,"featured_media":0,"parent":0,"menu_order":0,"comment_status":"closed","ping_status":"closed","template":"","meta":{"footnotes":""},"class_list":["post-1674","page","type-page","status-publish","hentry"],"_links":{"self":[{"href":"https:\/\/marinepoiraton.com\/en\/wp-json\/wp\/v2\/pages\/1674","targetHints":{"allow":["GET"]}}],"collection":[{"href":"https:\/\/marinepoiraton.com\/en\/wp-json\/wp\/v2\/pages"}],"about":[{"href":"https:\/\/marinepoiraton.com\/en\/wp-json\/wp\/v2\/types\/page"}],"author":[{"embeddable":true,"href":"https:\/\/marinepoiraton.com\/en\/wp-json\/wp\/v2\/users\/1"}],"replies":[{"embeddable":true,"href":"https:\/\/marinepoiraton.com\/en\/wp-json\/wp\/v2\/comments?post=1674"}],"version-history":[{"count":102,"href":"https:\/\/marinepoiraton.com\/en\/wp-json\/wp\/v2\/pages\/1674\/revisions"}],"predecessor-version":[{"id":6127,"href":"https:\/\/marinepoiraton.com\/en\/wp-json\/wp\/v2\/pages\/1674\/revisions\/6127"}],"wp:attachment":[{"href":"https:\/\/marinepoiraton.com\/en\/wp-json\/wp\/v2\/media?parent=1674"}],"curies":[{"name":"wp","href":"https:\/\/api.w.org\/{rel}","templated":true}]}}