{"id":565,"date":"2019-03-26T22:23:13","date_gmt":"2019-03-26T21:23:13","guid":{"rendered":"https:\/\/marinepoiraton.com\/?page_id=565"},"modified":"2020-11-30T14:35:39","modified_gmt":"2020-11-30T13:35:39","slug":"aprr-campagne-environnement","status":"publish","type":"page","link":"https:\/\/marinepoiraton.com\/en\/aprr-campagne-environnement\/","title":{"rendered":"APRR &#8211; Campagne environnement"},"content":{"rendered":"\t\t<div data-elementor-type=\"wp-page\" data-elementor-id=\"565\" class=\"elementor elementor-565\" data-elementor-post-type=\"page\">\n\t\t\t\t\t\t<section class=\"elementor-section elementor-top-section elementor-element elementor-element-103de46 elementor-section-full_width elementor-section-stretched elementor-section-height-default elementor-section-height-default\" data-id=\"103de46\" data-element_type=\"section\" data-e-type=\"section\" data-settings=\"{&quot;background_background&quot;:&quot;classic&quot;,&quot;stretch_section&quot;:&quot;section-stretched&quot;}\">\n\t\t\t\t\t\t\t<div class=\"elementor-background-overlay\"><\/div>\n\t\t\t\t\t\t\t<div class=\"elementor-container elementor-column-gap-default\">\n\t\t\t\t\t<div class=\"elementor-column elementor-col-100 elementor-top-column elementor-element elementor-element-0d4fd4d\" data-id=\"0d4fd4d\" data-element_type=\"column\" data-e-type=\"column\">\n\t\t\t<div class=\"elementor-widget-wrap elementor-element-populated\">\n\t\t\t\t\t\t<div class=\"elementor-element elementor-element-ecb43be elementor-invisible elementor-widget elementor-widget-heading\" data-id=\"ecb43be\" data-element_type=\"widget\" data-e-type=\"widget\" data-settings=\"{&quot;_animation&quot;:&quot;fadeIn&quot;}\" data-widget_type=\"heading.default\">\n\t\t\t\t<div class=\"elementor-widget-container\">\n\t\t\t\t\t<h1 class=\"elementor-heading-title elementor-size-default\"><a href=\"https:\/\/marinepoiraton.com\/identite-visuelle\/\">identit\u00e9<\/a><\/h1>\t\t\t\t<\/div>\n\t\t\t\t<\/div>\n\t\t\t\t<div class=\"elementor-element elementor-element-7403f12 elementor-invisible elementor-widget elementor-widget-heading\" data-id=\"7403f12\" data-element_type=\"widget\" data-e-type=\"widget\" data-settings=\"{&quot;motion_fx_motion_fx_scrolling&quot;:&quot;yes&quot;,&quot;_animation&quot;:&quot;zoomIn&quot;,&quot;motion_fx_devices&quot;:[&quot;desktop&quot;,&quot;tablet&quot;,&quot;mobile&quot;]}\" data-widget_type=\"heading.default\">\n\t\t\t\t<div class=\"elementor-widget-container\">\n\t\t\t\t\t<h1 class=\"elementor-heading-title elementor-size-default\">APRR environnement<\/h1>\t\t\t\t<\/div>\n\t\t\t\t<\/div>\n\t\t\t\t\t<\/div>\n\t\t<\/div>\n\t\t\t\t\t<\/div>\n\t\t<\/section>\n\t\t\t\t<section class=\"elementor-section elementor-top-section elementor-element elementor-element-022d6c9 elementor-section-boxed elementor-section-height-default elementor-section-height-default\" data-id=\"022d6c9\" data-element_type=\"section\" data-e-type=\"section\">\n\t\t\t\t\t\t<div class=\"elementor-container elementor-column-gap-default\">\n\t\t\t\t\t<div class=\"elementor-column elementor-col-100 elementor-top-column elementor-element elementor-element-af7350a\" data-id=\"af7350a\" data-element_type=\"column\" data-e-type=\"column\">\n\t\t\t<div class=\"elementor-widget-wrap elementor-element-populated\">\n\t\t\t\t\t\t<div class=\"elementor-element elementor-element-bf5b462 elementor-position-top elementor-invisible elementor-widget elementor-widget-image-box\" data-id=\"bf5b462\" data-element_type=\"widget\" data-e-type=\"widget\" data-settings=\"{&quot;_animation&quot;:&quot;fadeIn&quot;}\" data-widget_type=\"image-box.default\">\n\t\t\t\t<div class=\"elementor-widget-container\">\n\t\t\t\t\t<div class=\"elementor-image-box-wrapper\"><figure class=\"elementor-image-box-img\"><img fetchpriority=\"high\" decoding=\"async\" width=\"1920\" height=\"596\" src=\"https:\/\/marinepoiraton.com\/wp-content\/uploads\/2020\/11\/Identite_APRR_Environnement_Marine_Poiraton_1.jpg\" class=\"attachment-full size-full wp-image-4519\" alt=\"\" srcset=\"https:\/\/marinepoiraton.com\/wp-content\/uploads\/2020\/11\/Identite_APRR_Environnement_Marine_Poiraton_1.jpg 1920w, https:\/\/marinepoiraton.com\/wp-content\/uploads\/2020\/11\/Identite_APRR_Environnement_Marine_Poiraton_1-300x93.jpg 300w, https:\/\/marinepoiraton.com\/wp-content\/uploads\/2020\/11\/Identite_APRR_Environnement_Marine_Poiraton_1-1024x318.jpg 1024w, https:\/\/marinepoiraton.com\/wp-content\/uploads\/2020\/11\/Identite_APRR_Environnement_Marine_Poiraton_1-768x238.jpg 768w, https:\/\/marinepoiraton.com\/wp-content\/uploads\/2020\/11\/Identite_APRR_Environnement_Marine_Poiraton_1-1536x477.jpg 1536w, https:\/\/marinepoiraton.com\/wp-content\/uploads\/2020\/11\/Identite_APRR_Environnement_Marine_Poiraton_1-16x5.jpg 16w\" sizes=\"(max-width: 1920px) 100vw, 1920px\" \/><\/figure><\/div>\t\t\t\t<\/div>\n\t\t\t\t<\/div>\n\t\t\t\t\t<\/div>\n\t\t<\/div>\n\t\t\t\t\t<\/div>\n\t\t<\/section>\n\t\t\t\t<section class=\"elementor-section elementor-top-section elementor-element elementor-element-5561376 elementor-section-content-middle elementor-reverse-mobile elementor-section-boxed elementor-section-height-default elementor-section-height-default elementor-invisible\" data-id=\"5561376\" data-element_type=\"section\" data-e-type=\"section\" data-settings=\"{&quot;animation&quot;:&quot;fadeIn&quot;}\">\n\t\t\t\t\t\t<div class=\"elementor-container elementor-column-gap-no\">\n\t\t\t\t\t<div class=\"elementor-column elementor-col-100 elementor-top-column elementor-element elementor-element-0f99361\" data-id=\"0f99361\" data-element_type=\"column\" data-e-type=\"column\">\n\t\t\t<div class=\"elementor-widget-wrap elementor-element-populated\">\n\t\t\t\t\t\t<div class=\"elementor-element elementor-element-14ae248 elementor-invisible elementor-widget elementor-widget-text-editor\" data-id=\"14ae248\" data-element_type=\"widget\" data-e-type=\"widget\" data-settings=\"{&quot;_animation&quot;:&quot;fadeIn&quot;,&quot;motion_fx_motion_fx_scrolling&quot;:&quot;yes&quot;,&quot;motion_fx_translateY_effect&quot;:&quot;yes&quot;,&quot;motion_fx_translateY_speed&quot;:{&quot;unit&quot;:&quot;px&quot;,&quot;size&quot;:4,&quot;sizes&quot;:[]},&quot;motion_fx_translateY_affectedRange&quot;:{&quot;unit&quot;:&quot;%&quot;,&quot;size&quot;:&quot;&quot;,&quot;sizes&quot;:{&quot;start&quot;:0,&quot;end&quot;:100}},&quot;motion_fx_devices&quot;:[&quot;desktop&quot;,&quot;tablet&quot;,&quot;mobile&quot;]}\" data-widget_type=\"text-editor.default\">\n\t\t\t\t<div class=\"elementor-widget-container\">\n\t\t\t\t\t\t\t\t\t<p>Campagne publicitaire pour APRR, afin de sensibiliser les autoroutiers sur l&rsquo;importance de l&rsquo;environnement et d&rsquo;agir sur la protection de celui-ci.<br><\/p><p>APRR (Autoroutes Paris-Rhin-Rh\u00f4ne) est l&rsquo;une des soci\u00e9t\u00e9s charg\u00e9es de l&rsquo;exploitation d&rsquo;un r\u00e9seau autoroutier fran\u00e7ais. APRR appartient au consortium Eiffarie. APRR est le deuxi\u00e8me groupe autoroutier en France.<\/p>\t\t\t\t\t\t\t\t<\/div>\n\t\t\t\t<\/div>\n\t\t\t\t\t<\/div>\n\t\t<\/div>\n\t\t\t\t\t<\/div>\n\t\t<\/section>\n\t\t\t\t<section class=\"elementor-section elementor-top-section elementor-element elementor-element-f71583b elementor-section-boxed elementor-section-height-default elementor-section-height-default\" data-id=\"f71583b\" data-element_type=\"section\" data-e-type=\"section\">\n\t\t\t\t\t\t<div class=\"elementor-container elementor-column-gap-default\">\n\t\t\t\t\t<div class=\"elementor-column elementor-col-100 elementor-top-column elementor-element elementor-element-aa08a8f\" data-id=\"aa08a8f\" data-element_type=\"column\" data-e-type=\"column\">\n\t\t\t<div class=\"elementor-widget-wrap elementor-element-populated\">\n\t\t\t\t\t\t<div class=\"elementor-element elementor-element-2dfc76e elementor-invisible elementor-widget elementor-widget-image\" data-id=\"2dfc76e\" data-element_type=\"widget\" data-e-type=\"widget\" data-settings=\"{&quot;_animation&quot;:&quot;fadeIn&quot;}\" data-widget_type=\"image.default\">\n\t\t\t\t<div class=\"elementor-widget-container\">\n\t\t\t\t\t\t\t\t\t\t\t\t\t\t\t<img decoding=\"async\" width=\"800\" height=\"450\" src=\"https:\/\/marinepoiraton.com\/wp-content\/uploads\/2020\/11\/Identite_APRR_Environnement_Marine_Poiraton_6-1024x576.jpg\" class=\"attachment-large size-large wp-image-4525\" alt=\"\" srcset=\"https:\/\/marinepoiraton.com\/wp-content\/uploads\/2020\/11\/Identite_APRR_Environnement_Marine_Poiraton_6-1024x576.jpg 1024w, https:\/\/marinepoiraton.com\/wp-content\/uploads\/2020\/11\/Identite_APRR_Environnement_Marine_Poiraton_6-300x169.jpg 300w, https:\/\/marinepoiraton.com\/wp-content\/uploads\/2020\/11\/Identite_APRR_Environnement_Marine_Poiraton_6-768x432.jpg 768w, https:\/\/marinepoiraton.com\/wp-content\/uploads\/2020\/11\/Identite_APRR_Environnement_Marine_Poiraton_6-1536x864.jpg 1536w, https:\/\/marinepoiraton.com\/wp-content\/uploads\/2020\/11\/Identite_APRR_Environnement_Marine_Poiraton_6-16x9.jpg 16w, https:\/\/marinepoiraton.com\/wp-content\/uploads\/2020\/11\/Identite_APRR_Environnement_Marine_Poiraton_6.jpg 1920w\" sizes=\"(max-width: 800px) 100vw, 800px\" \/>\t\t\t\t\t\t\t\t\t\t\t\t\t\t\t<\/div>\n\t\t\t\t<\/div>\n\t\t\t\t\t<\/div>\n\t\t<\/div>\n\t\t\t\t\t<\/div>\n\t\t<\/section>\n\t\t\t\t<section class=\"elementor-section elementor-top-section elementor-element elementor-element-8d37ae3 elementor-section-boxed elementor-section-height-default elementor-section-height-default\" data-id=\"8d37ae3\" data-element_type=\"section\" data-e-type=\"section\">\n\t\t\t\t\t\t<div class=\"elementor-container elementor-column-gap-default\">\n\t\t\t\t\t<div class=\"elementor-column elementor-col-50 elementor-top-column elementor-element elementor-element-f22eb83\" data-id=\"f22eb83\" data-element_type=\"column\" data-e-type=\"column\">\n\t\t\t<div class=\"elementor-widget-wrap elementor-element-populated\">\n\t\t\t\t\t\t<div class=\"elementor-element elementor-element-6ec7698 elementor-invisible elementor-widget elementor-widget-image\" data-id=\"6ec7698\" data-element_type=\"widget\" data-e-type=\"widget\" data-settings=\"{&quot;_animation&quot;:&quot;fadeIn&quot;}\" data-widget_type=\"image.default\">\n\t\t\t\t<div class=\"elementor-widget-container\">\n\t\t\t\t\t\t\t\t\t\t\t\t\t\t\t<img decoding=\"async\" width=\"800\" height=\"450\" src=\"https:\/\/marinepoiraton.com\/wp-content\/uploads\/2020\/11\/Identite_APRR_Environnement_Marine_Poiraton_2-1024x576.jpg\" class=\"elementor-animation-grow attachment-large size-large wp-image-4520\" alt=\"\" srcset=\"https:\/\/marinepoiraton.com\/wp-content\/uploads\/2020\/11\/Identite_APRR_Environnement_Marine_Poiraton_2-1024x576.jpg 1024w, https:\/\/marinepoiraton.com\/wp-content\/uploads\/2020\/11\/Identite_APRR_Environnement_Marine_Poiraton_2-300x169.jpg 300w, https:\/\/marinepoiraton.com\/wp-content\/uploads\/2020\/11\/Identite_APRR_Environnement_Marine_Poiraton_2-768x432.jpg 768w, https:\/\/marinepoiraton.com\/wp-content\/uploads\/2020\/11\/Identite_APRR_Environnement_Marine_Poiraton_2-1536x864.jpg 1536w, https:\/\/marinepoiraton.com\/wp-content\/uploads\/2020\/11\/Identite_APRR_Environnement_Marine_Poiraton_2-16x9.jpg 16w, https:\/\/marinepoiraton.com\/wp-content\/uploads\/2020\/11\/Identite_APRR_Environnement_Marine_Poiraton_2.jpg 1920w\" sizes=\"(max-width: 800px) 100vw, 800px\" \/>\t\t\t\t\t\t\t\t\t\t\t\t\t\t\t<\/div>\n\t\t\t\t<\/div>\n\t\t\t\t\t<\/div>\n\t\t<\/div>\n\t\t\t\t<div class=\"elementor-column elementor-col-50 elementor-top-column elementor-element elementor-element-590d824\" data-id=\"590d824\" data-element_type=\"column\" data-e-type=\"column\">\n\t\t\t<div class=\"elementor-widget-wrap elementor-element-populated\">\n\t\t\t\t\t\t<div class=\"elementor-element elementor-element-d680cfd elementor-invisible elementor-widget elementor-widget-image\" data-id=\"d680cfd\" data-element_type=\"widget\" data-e-type=\"widget\" data-settings=\"{&quot;_animation&quot;:&quot;fadeIn&quot;}\" data-widget_type=\"image.default\">\n\t\t\t\t<div class=\"elementor-widget-container\">\n\t\t\t\t\t\t\t\t\t\t\t\t\t\t\t<img loading=\"lazy\" decoding=\"async\" width=\"800\" height=\"450\" src=\"https:\/\/marinepoiraton.com\/wp-content\/uploads\/2020\/11\/Identite_APRR_Environnement_Marine_Poiraton_4-1024x576.jpg\" class=\"elementor-animation-grow attachment-large size-large wp-image-4522\" alt=\"\" srcset=\"https:\/\/marinepoiraton.com\/wp-content\/uploads\/2020\/11\/Identite_APRR_Environnement_Marine_Poiraton_4-1024x576.jpg 1024w, https:\/\/marinepoiraton.com\/wp-content\/uploads\/2020\/11\/Identite_APRR_Environnement_Marine_Poiraton_4-300x169.jpg 300w, https:\/\/marinepoiraton.com\/wp-content\/uploads\/2020\/11\/Identite_APRR_Environnement_Marine_Poiraton_4-768x432.jpg 768w, https:\/\/marinepoiraton.com\/wp-content\/uploads\/2020\/11\/Identite_APRR_Environnement_Marine_Poiraton_4-1536x864.jpg 1536w, https:\/\/marinepoiraton.com\/wp-content\/uploads\/2020\/11\/Identite_APRR_Environnement_Marine_Poiraton_4-16x9.jpg 16w, https:\/\/marinepoiraton.com\/wp-content\/uploads\/2020\/11\/Identite_APRR_Environnement_Marine_Poiraton_4.jpg 1920w\" sizes=\"(max-width: 800px) 100vw, 800px\" \/>\t\t\t\t\t\t\t\t\t\t\t\t\t\t\t<\/div>\n\t\t\t\t<\/div>\n\t\t\t\t\t<\/div>\n\t\t<\/div>\n\t\t\t\t\t<\/div>\n\t\t<\/section>\n\t\t\t\t<section class=\"elementor-section elementor-top-section elementor-element elementor-element-12008db elementor-section-boxed elementor-section-height-default elementor-section-height-default\" data-id=\"12008db\" data-element_type=\"section\" data-e-type=\"section\">\n\t\t\t\t\t\t<div class=\"elementor-container elementor-column-gap-default\">\n\t\t\t\t\t<div class=\"elementor-column elementor-col-100 elementor-top-column elementor-element elementor-element-8935b1e\" data-id=\"8935b1e\" data-element_type=\"column\" data-e-type=\"column\">\n\t\t\t<div class=\"elementor-widget-wrap elementor-element-populated\">\n\t\t\t\t\t\t<div class=\"elementor-element elementor-element-458823b elementor-invisible elementor-widget elementor-widget-image\" data-id=\"458823b\" data-element_type=\"widget\" data-e-type=\"widget\" data-settings=\"{&quot;_animation&quot;:&quot;fadeIn&quot;}\" data-widget_type=\"image.default\">\n\t\t\t\t<div class=\"elementor-widget-container\">\n\t\t\t\t\t\t\t\t\t\t\t\t\t\t\t<img loading=\"lazy\" decoding=\"async\" width=\"800\" height=\"450\" src=\"https:\/\/marinepoiraton.com\/wp-content\/uploads\/2020\/11\/Identite_APRR_Environnement_Marine_Poiraton_5-1024x576.jpg\" class=\"attachment-large size-large wp-image-4524\" alt=\"\" srcset=\"https:\/\/marinepoiraton.com\/wp-content\/uploads\/2020\/11\/Identite_APRR_Environnement_Marine_Poiraton_5-1024x576.jpg 1024w, https:\/\/marinepoiraton.com\/wp-content\/uploads\/2020\/11\/Identite_APRR_Environnement_Marine_Poiraton_5-300x169.jpg 300w, https:\/\/marinepoiraton.com\/wp-content\/uploads\/2020\/11\/Identite_APRR_Environnement_Marine_Poiraton_5-768x432.jpg 768w, https:\/\/marinepoiraton.com\/wp-content\/uploads\/2020\/11\/Identite_APRR_Environnement_Marine_Poiraton_5-1536x864.jpg 1536w, https:\/\/marinepoiraton.com\/wp-content\/uploads\/2020\/11\/Identite_APRR_Environnement_Marine_Poiraton_5-16x9.jpg 16w, https:\/\/marinepoiraton.com\/wp-content\/uploads\/2020\/11\/Identite_APRR_Environnement_Marine_Poiraton_5.jpg 1920w\" sizes=\"(max-width: 800px) 100vw, 800px\" \/>\t\t\t\t\t\t\t\t\t\t\t\t\t\t\t<\/div>\n\t\t\t\t<\/div>\n\t\t\t\t\t<\/div>\n\t\t<\/div>\n\t\t\t\t\t<\/div>\n\t\t<\/section>\n\t\t\t\t<section class=\"elementor-section elementor-top-section elementor-element elementor-element-33282e6 elementor-section-boxed elementor-section-height-default elementor-section-height-default\" data-id=\"33282e6\" data-element_type=\"section\" data-e-type=\"section\">\n\t\t\t\t\t\t<div class=\"elementor-container elementor-column-gap-default\">\n\t\t\t\t\t<div class=\"elementor-column elementor-col-50 elementor-top-column elementor-element elementor-element-0e5b547\" data-id=\"0e5b547\" data-element_type=\"column\" data-e-type=\"column\">\n\t\t\t<div class=\"elementor-widget-wrap elementor-element-populated\">\n\t\t\t\t\t\t<div class=\"elementor-element elementor-element-ea4813a elementor-invisible elementor-widget elementor-widget-image\" data-id=\"ea4813a\" data-element_type=\"widget\" data-e-type=\"widget\" data-settings=\"{&quot;motion_fx_motion_fx_scrolling&quot;:&quot;yes&quot;,&quot;motion_fx_translateX_effect&quot;:&quot;yes&quot;,&quot;motion_fx_translateX_direction&quot;:&quot;negative&quot;,&quot;motion_fx_translateX_affectedRange&quot;:{&quot;unit&quot;:&quot;%&quot;,&quot;size&quot;:&quot;&quot;,&quot;sizes&quot;:{&quot;start&quot;:0,&quot;end&quot;:50}},&quot;_animation&quot;:&quot;fadeIn&quot;,&quot;motion_fx_translateX_speed&quot;:{&quot;unit&quot;:&quot;px&quot;,&quot;size&quot;:4,&quot;sizes&quot;:[]},&quot;motion_fx_devices&quot;:[&quot;desktop&quot;,&quot;tablet&quot;,&quot;mobile&quot;]}\" data-widget_type=\"image.default\">\n\t\t\t\t<div class=\"elementor-widget-container\">\n\t\t\t\t\t\t\t\t\t\t\t\t\t\t\t<img loading=\"lazy\" decoding=\"async\" width=\"800\" height=\"450\" src=\"https:\/\/marinepoiraton.com\/wp-content\/uploads\/2020\/11\/Identite_APRR_Environnement_Marine_Poiraton_7-1024x576.jpg\" class=\"attachment-large size-large wp-image-4526\" alt=\"\" srcset=\"https:\/\/marinepoiraton.com\/wp-content\/uploads\/2020\/11\/Identite_APRR_Environnement_Marine_Poiraton_7-1024x576.jpg 1024w, https:\/\/marinepoiraton.com\/wp-content\/uploads\/2020\/11\/Identite_APRR_Environnement_Marine_Poiraton_7-300x169.jpg 300w, https:\/\/marinepoiraton.com\/wp-content\/uploads\/2020\/11\/Identite_APRR_Environnement_Marine_Poiraton_7-768x432.jpg 768w, https:\/\/marinepoiraton.com\/wp-content\/uploads\/2020\/11\/Identite_APRR_Environnement_Marine_Poiraton_7-1536x864.jpg 1536w, https:\/\/marinepoiraton.com\/wp-content\/uploads\/2020\/11\/Identite_APRR_Environnement_Marine_Poiraton_7-16x9.jpg 16w, https:\/\/marinepoiraton.com\/wp-content\/uploads\/2020\/11\/Identite_APRR_Environnement_Marine_Poiraton_7.jpg 1920w\" sizes=\"(max-width: 800px) 100vw, 800px\" \/>\t\t\t\t\t\t\t\t\t\t\t\t\t\t\t<\/div>\n\t\t\t\t<\/div>\n\t\t\t\t\t<\/div>\n\t\t<\/div>\n\t\t\t\t<div class=\"elementor-column elementor-col-50 elementor-top-column elementor-element elementor-element-52d5956\" data-id=\"52d5956\" data-element_type=\"column\" data-e-type=\"column\">\n\t\t\t<div class=\"elementor-widget-wrap elementor-element-populated\">\n\t\t\t\t\t\t<div class=\"elementor-element elementor-element-5250d9d elementor-invisible elementor-widget elementor-widget-image\" data-id=\"5250d9d\" data-element_type=\"widget\" data-e-type=\"widget\" data-settings=\"{&quot;motion_fx_motion_fx_scrolling&quot;:&quot;yes&quot;,&quot;motion_fx_translateX_effect&quot;:&quot;yes&quot;,&quot;motion_fx_translateX_affectedRange&quot;:{&quot;unit&quot;:&quot;%&quot;,&quot;size&quot;:&quot;&quot;,&quot;sizes&quot;:{&quot;start&quot;:0,&quot;end&quot;:50}},&quot;_animation&quot;:&quot;fadeIn&quot;,&quot;motion_fx_translateX_speed&quot;:{&quot;unit&quot;:&quot;px&quot;,&quot;size&quot;:4,&quot;sizes&quot;:[]},&quot;motion_fx_devices&quot;:[&quot;desktop&quot;,&quot;tablet&quot;,&quot;mobile&quot;]}\" data-widget_type=\"image.default\">\n\t\t\t\t<div class=\"elementor-widget-container\">\n\t\t\t\t\t\t\t\t\t\t\t\t\t\t\t<img loading=\"lazy\" decoding=\"async\" width=\"800\" height=\"450\" src=\"https:\/\/marinepoiraton.com\/wp-content\/uploads\/2020\/11\/Identite_APRR_Environnement_Marine_Poiraton_8-1024x576.jpg\" class=\"attachment-large size-large wp-image-4527\" alt=\"\" srcset=\"https:\/\/marinepoiraton.com\/wp-content\/uploads\/2020\/11\/Identite_APRR_Environnement_Marine_Poiraton_8-1024x576.jpg 1024w, https:\/\/marinepoiraton.com\/wp-content\/uploads\/2020\/11\/Identite_APRR_Environnement_Marine_Poiraton_8-300x169.jpg 300w, https:\/\/marinepoiraton.com\/wp-content\/uploads\/2020\/11\/Identite_APRR_Environnement_Marine_Poiraton_8-768x432.jpg 768w, https:\/\/marinepoiraton.com\/wp-content\/uploads\/2020\/11\/Identite_APRR_Environnement_Marine_Poiraton_8-1536x864.jpg 1536w, https:\/\/marinepoiraton.com\/wp-content\/uploads\/2020\/11\/Identite_APRR_Environnement_Marine_Poiraton_8-16x9.jpg 16w, https:\/\/marinepoiraton.com\/wp-content\/uploads\/2020\/11\/Identite_APRR_Environnement_Marine_Poiraton_8.jpg 1920w\" sizes=\"(max-width: 800px) 100vw, 800px\" \/>\t\t\t\t\t\t\t\t\t\t\t\t\t\t\t<\/div>\n\t\t\t\t<\/div>\n\t\t\t\t\t<\/div>\n\t\t<\/div>\n\t\t\t\t\t<\/div>\n\t\t<\/section>\n\t\t\t\t<section class=\"elementor-section elementor-top-section elementor-element elementor-element-7334574 elementor-section-boxed elementor-section-height-default elementor-section-height-default\" data-id=\"7334574\" data-element_type=\"section\" data-e-type=\"section\">\n\t\t\t\t\t\t<div class=\"elementor-container elementor-column-gap-default\">\n\t\t\t\t\t<div class=\"elementor-column elementor-col-100 elementor-top-column elementor-element elementor-element-1d86a4d\" data-id=\"1d86a4d\" data-element_type=\"column\" data-e-type=\"column\">\n\t\t\t<div class=\"elementor-widget-wrap elementor-element-populated\">\n\t\t\t\t\t\t<div class=\"elementor-element elementor-element-38cc7aa elementor-invisible elementor-widget elementor-widget-image\" data-id=\"38cc7aa\" data-element_type=\"widget\" data-e-type=\"widget\" data-settings=\"{&quot;_animation&quot;:&quot;fadeIn&quot;}\" data-widget_type=\"image.default\">\n\t\t\t\t<div class=\"elementor-widget-container\">\n\t\t\t\t\t\t\t\t\t\t\t\t\t\t\t<img loading=\"lazy\" decoding=\"async\" width=\"800\" height=\"450\" src=\"https:\/\/marinepoiraton.com\/wp-content\/uploads\/2020\/11\/Identite_APRR_Environnement_Marine_Poiraton_3-1024x576.jpg\" class=\"attachment-large size-large wp-image-4521\" alt=\"\" srcset=\"https:\/\/marinepoiraton.com\/wp-content\/uploads\/2020\/11\/Identite_APRR_Environnement_Marine_Poiraton_3-1024x576.jpg 1024w, https:\/\/marinepoiraton.com\/wp-content\/uploads\/2020\/11\/Identite_APRR_Environnement_Marine_Poiraton_3-300x169.jpg 300w, https:\/\/marinepoiraton.com\/wp-content\/uploads\/2020\/11\/Identite_APRR_Environnement_Marine_Poiraton_3-768x432.jpg 768w, https:\/\/marinepoiraton.com\/wp-content\/uploads\/2020\/11\/Identite_APRR_Environnement_Marine_Poiraton_3-1536x864.jpg 1536w, https:\/\/marinepoiraton.com\/wp-content\/uploads\/2020\/11\/Identite_APRR_Environnement_Marine_Poiraton_3-16x9.jpg 16w, https:\/\/marinepoiraton.com\/wp-content\/uploads\/2020\/11\/Identite_APRR_Environnement_Marine_Poiraton_3.jpg 1920w\" sizes=\"(max-width: 800px) 100vw, 800px\" \/>\t\t\t\t\t\t\t\t\t\t\t\t\t\t\t<\/div>\n\t\t\t\t<\/div>\n\t\t\t\t\t<\/div>\n\t\t<\/div>\n\t\t\t\t\t<\/div>\n\t\t<\/section>\n\t\t\t\t<\/div>\n\t\t","protected":false},"excerpt":{"rendered":"<p>identit\u00e9 APRR environnement Campagne publicitaire pour APRR, afin de sensibiliser les autoroutiers sur l&rsquo;importance de l&rsquo;environnement et d&rsquo;agir sur la protection de celui-ci. APRR (Autoroutes Paris-Rhin-Rh\u00f4ne) est l&rsquo;une des soci\u00e9t\u00e9s charg\u00e9es de l&rsquo;exploitation d&rsquo;un r\u00e9seau autoroutier fran\u00e7ais. APRR appartient au consortium Eiffarie. APRR est le deuxi\u00e8me groupe autoroutier en France.<\/p>","protected":false},"author":1,"featured_media":0,"parent":0,"menu_order":0,"comment_status":"closed","ping_status":"closed","template":"","meta":{"footnotes":""},"class_list":["post-565","page","type-page","status-publish","hentry"],"_links":{"self":[{"href":"https:\/\/marinepoiraton.com\/en\/wp-json\/wp\/v2\/pages\/565","targetHints":{"allow":["GET"]}}],"collection":[{"href":"https:\/\/marinepoiraton.com\/en\/wp-json\/wp\/v2\/pages"}],"about":[{"href":"https:\/\/marinepoiraton.com\/en\/wp-json\/wp\/v2\/types\/page"}],"author":[{"embeddable":true,"href":"https:\/\/marinepoiraton.com\/en\/wp-json\/wp\/v2\/users\/1"}],"replies":[{"embeddable":true,"href":"https:\/\/marinepoiraton.com\/en\/wp-json\/wp\/v2\/comments?post=565"}],"version-history":[{"count":59,"href":"https:\/\/marinepoiraton.com\/en\/wp-json\/wp\/v2\/pages\/565\/revisions"}],"predecessor-version":[{"id":6148,"href":"https:\/\/marinepoiraton.com\/en\/wp-json\/wp\/v2\/pages\/565\/revisions\/6148"}],"wp:attachment":[{"href":"https:\/\/marinepoiraton.com\/en\/wp-json\/wp\/v2\/media?parent=565"}],"curies":[{"name":"wp","href":"https:\/\/api.w.org\/{rel}","templated":true}]}}