{"id":6672,"date":"2021-06-29T18:16:52","date_gmt":"2021-06-29T16:16:52","guid":{"rendered":"https:\/\/marinepoiraton.com\/?page_id=6672"},"modified":"2026-03-02T00:26:50","modified_gmt":"2026-03-01T23:26:50","slug":"imaginoffice-signaletique","status":"publish","type":"page","link":"https:\/\/marinepoiraton.com\/en\/imaginoffice-signaletique\/","title":{"rendered":"Imagin&rsquo;Office Signal\u00e9tique"},"content":{"rendered":"\t\t<div data-elementor-type=\"wp-page\" data-elementor-id=\"6672\" class=\"elementor elementor-6672\" data-elementor-post-type=\"page\">\n\t\t\t\t\t\t<section class=\"elementor-section elementor-top-section elementor-element elementor-element-1a117df elementor-section-full_width elementor-section-stretched elementor-section-height-default elementor-section-height-default\" data-id=\"1a117df\" data-element_type=\"section\" data-e-type=\"section\" data-settings=\"{&quot;background_background&quot;:&quot;classic&quot;,&quot;stretch_section&quot;:&quot;section-stretched&quot;}\">\n\t\t\t\t\t\t\t<div class=\"elementor-background-overlay\"><\/div>\n\t\t\t\t\t\t\t<div class=\"elementor-container elementor-column-gap-default\">\n\t\t\t\t\t<div class=\"elementor-column elementor-col-100 elementor-top-column elementor-element elementor-element-e118175\" data-id=\"e118175\" data-element_type=\"column\" data-e-type=\"column\">\n\t\t\t<div class=\"elementor-widget-wrap elementor-element-populated\">\n\t\t\t\t\t\t<div class=\"elementor-element elementor-element-433c037 elementor-invisible elementor-widget elementor-widget-heading\" data-id=\"433c037\" data-element_type=\"widget\" data-e-type=\"widget\" data-settings=\"{&quot;_animation&quot;:&quot;fadeIn&quot;}\" data-widget_type=\"heading.default\">\n\t\t\t\t<div class=\"elementor-widget-container\">\n\t\t\t\t\t<h1 class=\"elementor-heading-title elementor-size-default\"><a href=\"https:\/\/marinepoiraton.com\/design-mural\/\">design mural<\/a><\/h1>\t\t\t\t<\/div>\n\t\t\t\t<\/div>\n\t\t\t\t<div class=\"elementor-element elementor-element-c27032c elementor-invisible elementor-widget elementor-widget-heading\" data-id=\"c27032c\" data-element_type=\"widget\" data-e-type=\"widget\" data-settings=\"{&quot;motion_fx_motion_fx_scrolling&quot;:&quot;yes&quot;,&quot;_animation&quot;:&quot;zoomIn&quot;,&quot;motion_fx_devices&quot;:[&quot;desktop&quot;,&quot;tablet&quot;,&quot;mobile&quot;]}\" data-widget_type=\"heading.default\">\n\t\t\t\t<div class=\"elementor-widget-container\">\n\t\t\t\t\t<h1 class=\"elementor-heading-title elementor-size-default\">Imagin'Office<br>Design spacial<\/h1>\t\t\t\t<\/div>\n\t\t\t\t<\/div>\n\t\t\t\t\t<\/div>\n\t\t<\/div>\n\t\t\t\t\t<\/div>\n\t\t<\/section>\n\t\t\t\t<section class=\"elementor-section elementor-top-section elementor-element elementor-element-b153277 elementor-section-boxed elementor-section-height-default elementor-section-height-default\" data-id=\"b153277\" data-element_type=\"section\" data-e-type=\"section\">\n\t\t\t\t\t\t<div class=\"elementor-container elementor-column-gap-default\">\n\t\t\t\t\t<div class=\"elementor-column elementor-col-100 elementor-top-column elementor-element elementor-element-0b840ac\" data-id=\"0b840ac\" data-element_type=\"column\" data-e-type=\"column\">\n\t\t\t<div class=\"elementor-widget-wrap elementor-element-populated\">\n\t\t\t\t\t\t<div class=\"elementor-element elementor-element-af55522 elementor-position-top elementor-invisible elementor-widget elementor-widget-image-box\" data-id=\"af55522\" data-element_type=\"widget\" data-e-type=\"widget\" data-settings=\"{&quot;_animation&quot;:&quot;fadeIn&quot;}\" data-widget_type=\"image-box.default\">\n\t\t\t\t<div class=\"elementor-widget-container\">\n\t\t\t\t\t<div class=\"elementor-image-box-wrapper\"><figure class=\"elementor-image-box-img\"><img fetchpriority=\"high\" decoding=\"async\" width=\"1440\" height=\"1080\" src=\"https:\/\/marinepoiraton.com\/wp-content\/uploads\/2021\/06\/Signaletique_Imagin-Office_Marine_Poiraton_1A.jpg\" class=\"attachment-full size-full wp-image-6668\" alt=\"\" srcset=\"https:\/\/marinepoiraton.com\/wp-content\/uploads\/2021\/06\/Signaletique_Imagin-Office_Marine_Poiraton_1A.jpg 1440w, https:\/\/marinepoiraton.com\/wp-content\/uploads\/2021\/06\/Signaletique_Imagin-Office_Marine_Poiraton_1A-300x225.jpg 300w, https:\/\/marinepoiraton.com\/wp-content\/uploads\/2021\/06\/Signaletique_Imagin-Office_Marine_Poiraton_1A-1024x768.jpg 1024w, https:\/\/marinepoiraton.com\/wp-content\/uploads\/2021\/06\/Signaletique_Imagin-Office_Marine_Poiraton_1A-768x576.jpg 768w, https:\/\/marinepoiraton.com\/wp-content\/uploads\/2021\/06\/Signaletique_Imagin-Office_Marine_Poiraton_1A-16x12.jpg 16w\" sizes=\"(max-width: 1440px) 100vw, 1440px\" \/><\/figure><\/div>\t\t\t\t<\/div>\n\t\t\t\t<\/div>\n\t\t\t\t\t<\/div>\n\t\t<\/div>\n\t\t\t\t\t<\/div>\n\t\t<\/section>\n\t\t\t\t<section class=\"elementor-section elementor-top-section elementor-element elementor-element-fcf44f2 elementor-section-content-middle elementor-reverse-mobile elementor-section-boxed elementor-section-height-default elementor-section-height-default elementor-invisible\" data-id=\"fcf44f2\" data-element_type=\"section\" data-e-type=\"section\" data-settings=\"{&quot;animation&quot;:&quot;fadeIn&quot;}\">\n\t\t\t\t\t\t<div class=\"elementor-container elementor-column-gap-no\">\n\t\t\t\t\t<div class=\"elementor-column elementor-col-100 elementor-top-column elementor-element elementor-element-a0e9539\" data-id=\"a0e9539\" data-element_type=\"column\" data-e-type=\"column\">\n\t\t\t<div class=\"elementor-widget-wrap elementor-element-populated\">\n\t\t\t\t\t\t<div class=\"elementor-element elementor-element-8943e5a elementor-invisible elementor-widget elementor-widget-text-editor\" data-id=\"8943e5a\" data-element_type=\"widget\" data-e-type=\"widget\" data-settings=\"{&quot;_animation&quot;:&quot;fadeIn&quot;}\" data-widget_type=\"text-editor.default\">\n\t\t\t\t<div class=\"elementor-widget-container\">\n\t\t\t\t\t\t\t\t\t<p data-start=\"132\" data-end=\"323\">\u00a0<\/p><p data-start=\"132\" data-end=\"323\">En collaboration avec\u00a0<a style=\"background-color: #ffffff;\" href=\"https:\/\/yemanja.io\/\" target=\"_blank\" rel=\"noopener\">Yemanja<\/a>, j\u2019ai r\u00e9alis\u00e9 l\u2019habillage graphique et la signal\u00e9tique des nouveaux espaces de coworking d\u2019Imagin\u2019Office \u00e0 La D\u00e9fense.<\/p><p data-start=\"132\" data-end=\"323\">L\u2019intervention comprend la conception d\u2019une signal\u00e9tique globale (map murale thermoform\u00e9e, pictogrammes de tri, plaques de salles, affichage de portes), ainsi que des fresques murales, vitrophanies, stickers, d\u00e9coupes bois et \u00e9l\u00e9ments graphiques int\u00e9gr\u00e9s \u00e0 l\u2019espace.<\/p>\t\t\t\t\t\t\t\t<\/div>\n\t\t\t\t<\/div>\n\t\t\t\t\t<\/div>\n\t\t<\/div>\n\t\t\t\t\t<\/div>\n\t\t<\/section>\n\t\t\t\t<section class=\"elementor-section elementor-top-section elementor-element elementor-element-a6805b6 elementor-section-boxed elementor-section-height-default elementor-section-height-default\" data-id=\"a6805b6\" data-element_type=\"section\" data-e-type=\"section\">\n\t\t\t\t\t\t<div class=\"elementor-container elementor-column-gap-default\">\n\t\t\t\t\t<div class=\"elementor-column elementor-col-100 elementor-top-column elementor-element elementor-element-9e5d765\" data-id=\"9e5d765\" data-element_type=\"column\" data-e-type=\"column\">\n\t\t\t<div class=\"elementor-widget-wrap elementor-element-populated\">\n\t\t\t\t\t\t<div class=\"elementor-element elementor-element-96b9915 elementor-invisible elementor-widget elementor-widget-image\" data-id=\"96b9915\" data-element_type=\"widget\" data-e-type=\"widget\" data-settings=\"{&quot;motion_fx_motion_fx_scrolling&quot;:&quot;yes&quot;,&quot;motion_fx_translateY_effect&quot;:&quot;yes&quot;,&quot;motion_fx_translateY_affectedRange&quot;:{&quot;unit&quot;:&quot;%&quot;,&quot;size&quot;:&quot;&quot;,&quot;sizes&quot;:{&quot;start&quot;:0,&quot;end&quot;:50}},&quot;_animation&quot;:&quot;fadeIn&quot;,&quot;motion_fx_translateY_speed&quot;:{&quot;unit&quot;:&quot;px&quot;,&quot;size&quot;:4,&quot;sizes&quot;:[]},&quot;motion_fx_devices&quot;:[&quot;desktop&quot;,&quot;tablet&quot;,&quot;mobile&quot;]}\" data-widget_type=\"image.default\">\n\t\t\t\t<div class=\"elementor-widget-container\">\n\t\t\t\t\t\t\t\t\t\t\t\t\t\t\t<img decoding=\"async\" width=\"1920\" height=\"626\" src=\"https:\/\/marinepoiraton.com\/wp-content\/uploads\/2021\/06\/Signaletique_Imagin-Office_Marine_Poiraton_1B.jpg\" class=\"attachment-full size-full wp-image-6669\" alt=\"\" srcset=\"https:\/\/marinepoiraton.com\/wp-content\/uploads\/2021\/06\/Signaletique_Imagin-Office_Marine_Poiraton_1B.jpg 1920w, https:\/\/marinepoiraton.com\/wp-content\/uploads\/2021\/06\/Signaletique_Imagin-Office_Marine_Poiraton_1B-300x98.jpg 300w, https:\/\/marinepoiraton.com\/wp-content\/uploads\/2021\/06\/Signaletique_Imagin-Office_Marine_Poiraton_1B-1024x334.jpg 1024w, https:\/\/marinepoiraton.com\/wp-content\/uploads\/2021\/06\/Signaletique_Imagin-Office_Marine_Poiraton_1B-768x250.jpg 768w, https:\/\/marinepoiraton.com\/wp-content\/uploads\/2021\/06\/Signaletique_Imagin-Office_Marine_Poiraton_1B-1536x501.jpg 1536w, https:\/\/marinepoiraton.com\/wp-content\/uploads\/2021\/06\/Signaletique_Imagin-Office_Marine_Poiraton_1B-16x5.jpg 16w\" sizes=\"(max-width: 1920px) 100vw, 1920px\" \/>\t\t\t\t\t\t\t\t\t\t\t\t\t\t\t<\/div>\n\t\t\t\t<\/div>\n\t\t\t\t\t<\/div>\n\t\t<\/div>\n\t\t\t\t\t<\/div>\n\t\t<\/section>\n\t\t\t\t<section class=\"elementor-section elementor-top-section elementor-element elementor-element-7d7a5f0 elementor-section-boxed elementor-section-height-default elementor-section-height-default\" data-id=\"7d7a5f0\" data-element_type=\"section\" data-e-type=\"section\">\n\t\t\t\t\t\t<div class=\"elementor-container elementor-column-gap-default\">\n\t\t\t\t\t<div class=\"elementor-column elementor-col-50 elementor-top-column elementor-element elementor-element-dad4aa0 elementor-invisible\" data-id=\"dad4aa0\" data-element_type=\"column\" data-e-type=\"column\" data-settings=\"{&quot;motion_fx_motion_fx_scrolling&quot;:&quot;yes&quot;,&quot;motion_fx_translateX_effect&quot;:&quot;yes&quot;,&quot;motion_fx_translateX_direction&quot;:&quot;negative&quot;,&quot;motion_fx_translateX_affectedRange&quot;:{&quot;unit&quot;:&quot;%&quot;,&quot;size&quot;:&quot;&quot;,&quot;sizes&quot;:{&quot;start&quot;:0,&quot;end&quot;:50}},&quot;animation&quot;:&quot;fadeIn&quot;,&quot;motion_fx_translateX_speed&quot;:{&quot;unit&quot;:&quot;px&quot;,&quot;size&quot;:4,&quot;sizes&quot;:[]},&quot;motion_fx_devices&quot;:[&quot;desktop&quot;,&quot;tablet&quot;,&quot;mobile&quot;]}\">\n\t\t\t<div class=\"elementor-widget-wrap elementor-element-populated\">\n\t\t\t\t\t\t<div class=\"elementor-element elementor-element-beabf03 elementor-invisible elementor-widget elementor-widget-image\" data-id=\"beabf03\" data-element_type=\"widget\" data-e-type=\"widget\" data-settings=\"{&quot;_animation&quot;:&quot;fadeIn&quot;}\" data-widget_type=\"image.default\">\n\t\t\t\t<div class=\"elementor-widget-container\">\n\t\t\t\t\t\t\t\t\t\t\t\t\t\t\t<img decoding=\"async\" width=\"800\" height=\"800\" src=\"https:\/\/marinepoiraton.com\/wp-content\/uploads\/2021\/06\/Signaletique_Imagin-Office_Marine_Poiraton_2A.jpg\" class=\"attachment-large size-large wp-image-6670\" alt=\"\" srcset=\"https:\/\/marinepoiraton.com\/wp-content\/uploads\/2021\/06\/Signaletique_Imagin-Office_Marine_Poiraton_2A.jpg 800w, https:\/\/marinepoiraton.com\/wp-content\/uploads\/2021\/06\/Signaletique_Imagin-Office_Marine_Poiraton_2A-300x300.jpg 300w, https:\/\/marinepoiraton.com\/wp-content\/uploads\/2021\/06\/Signaletique_Imagin-Office_Marine_Poiraton_2A-150x150.jpg 150w, https:\/\/marinepoiraton.com\/wp-content\/uploads\/2021\/06\/Signaletique_Imagin-Office_Marine_Poiraton_2A-768x768.jpg 768w, https:\/\/marinepoiraton.com\/wp-content\/uploads\/2021\/06\/Signaletique_Imagin-Office_Marine_Poiraton_2A-12x12.jpg 12w, https:\/\/marinepoiraton.com\/wp-content\/uploads\/2021\/06\/Signaletique_Imagin-Office_Marine_Poiraton_2A-640x640.jpg 640w, https:\/\/marinepoiraton.com\/wp-content\/uploads\/2021\/06\/Signaletique_Imagin-Office_Marine_Poiraton_2A-50x50.jpg 50w\" sizes=\"(max-width: 800px) 100vw, 800px\" \/>\t\t\t\t\t\t\t\t\t\t\t\t\t\t\t<\/div>\n\t\t\t\t<\/div>\n\t\t\t\t\t<\/div>\n\t\t<\/div>\n\t\t\t\t<div class=\"elementor-column elementor-col-50 elementor-top-column elementor-element elementor-element-da788f7 elementor-invisible\" data-id=\"da788f7\" data-element_type=\"column\" data-e-type=\"column\" data-settings=\"{&quot;motion_fx_motion_fx_scrolling&quot;:&quot;yes&quot;,&quot;motion_fx_translateX_effect&quot;:&quot;yes&quot;,&quot;motion_fx_translateX_affectedRange&quot;:{&quot;unit&quot;:&quot;%&quot;,&quot;size&quot;:&quot;&quot;,&quot;sizes&quot;:{&quot;start&quot;:0,&quot;end&quot;:50}},&quot;animation&quot;:&quot;fadeIn&quot;,&quot;motion_fx_translateX_speed&quot;:{&quot;unit&quot;:&quot;px&quot;,&quot;size&quot;:4,&quot;sizes&quot;:[]},&quot;motion_fx_devices&quot;:[&quot;desktop&quot;,&quot;tablet&quot;,&quot;mobile&quot;]}\">\n\t\t\t<div class=\"elementor-widget-wrap elementor-element-populated\">\n\t\t\t\t\t\t<div class=\"elementor-element elementor-element-fcb5a93 elementor-invisible elementor-widget elementor-widget-image\" data-id=\"fcb5a93\" data-element_type=\"widget\" data-e-type=\"widget\" data-settings=\"{&quot;_animation&quot;:&quot;fadeIn&quot;}\" data-widget_type=\"image.default\">\n\t\t\t\t<div class=\"elementor-widget-container\">\n\t\t\t\t\t\t\t\t\t\t\t\t\t\t\t<img loading=\"lazy\" decoding=\"async\" width=\"800\" height=\"800\" src=\"https:\/\/marinepoiraton.com\/wp-content\/uploads\/2021\/06\/Signaletique_Imagin-Office_Marine_Poiraton_2B.jpg\" class=\"attachment-large size-large wp-image-6671\" alt=\"\" srcset=\"https:\/\/marinepoiraton.com\/wp-content\/uploads\/2021\/06\/Signaletique_Imagin-Office_Marine_Poiraton_2B.jpg 800w, https:\/\/marinepoiraton.com\/wp-content\/uploads\/2021\/06\/Signaletique_Imagin-Office_Marine_Poiraton_2B-300x300.jpg 300w, https:\/\/marinepoiraton.com\/wp-content\/uploads\/2021\/06\/Signaletique_Imagin-Office_Marine_Poiraton_2B-150x150.jpg 150w, https:\/\/marinepoiraton.com\/wp-content\/uploads\/2021\/06\/Signaletique_Imagin-Office_Marine_Poiraton_2B-768x768.jpg 768w, https:\/\/marinepoiraton.com\/wp-content\/uploads\/2021\/06\/Signaletique_Imagin-Office_Marine_Poiraton_2B-12x12.jpg 12w, https:\/\/marinepoiraton.com\/wp-content\/uploads\/2021\/06\/Signaletique_Imagin-Office_Marine_Poiraton_2B-640x640.jpg 640w, https:\/\/marinepoiraton.com\/wp-content\/uploads\/2021\/06\/Signaletique_Imagin-Office_Marine_Poiraton_2B-50x50.jpg 50w\" sizes=\"(max-width: 800px) 100vw, 800px\" \/>\t\t\t\t\t\t\t\t\t\t\t\t\t\t\t<\/div>\n\t\t\t\t<\/div>\n\t\t\t\t\t<\/div>\n\t\t<\/div>\n\t\t\t\t\t<\/div>\n\t\t<\/section>\n\t\t\t\t<section class=\"elementor-section elementor-top-section elementor-element elementor-element-15528ca elementor-section-content-middle elementor-reverse-mobile elementor-section-boxed elementor-section-height-default elementor-section-height-default elementor-invisible\" data-id=\"15528ca\" data-element_type=\"section\" data-e-type=\"section\" data-settings=\"{&quot;animation&quot;:&quot;fadeIn&quot;}\">\n\t\t\t\t\t\t<div class=\"elementor-container elementor-column-gap-no\">\n\t\t\t\t\t<div class=\"elementor-column elementor-col-100 elementor-top-column elementor-element elementor-element-cd73954\" data-id=\"cd73954\" data-element_type=\"column\" data-e-type=\"column\">\n\t\t\t<div class=\"elementor-widget-wrap elementor-element-populated\">\n\t\t\t\t\t\t<div class=\"elementor-element elementor-element-9550329 elementor-invisible elementor-widget elementor-widget-text-editor\" data-id=\"9550329\" data-element_type=\"widget\" data-e-type=\"widget\" data-settings=\"{&quot;_animation&quot;:&quot;fadeIn&quot;}\" data-widget_type=\"text-editor.default\">\n\t\t\t\t<div class=\"elementor-widget-container\">\n\t\t\t\t\t\t\t\t\t<p data-start=\"434\" data-end=\"551\">J\u2019ai \u00e9galement con\u00e7u une signal\u00e9tique sp\u00e9cifique pour l\u2019espace \u00ab Le Refuge \u00bb, r\u00e9alis\u00e9e en peinture et m\u00e9tal color\u00e9.<\/p><p style=\"text-align: center;\">\u00a0<\/p><p data-start=\"558\" data-end=\"725\" data-is-last-node=\"\">Le projet s\u2019inscrit dans une approche de design spatial, visant \u00e0 d\u00e9ployer une identit\u00e9 visuelle coh\u00e9rente, lisible et pleinement int\u00e9gr\u00e9e \u00e0 l\u2019architecture int\u00e9rieure.<\/p>\t\t\t\t\t\t\t\t<\/div>\n\t\t\t\t<\/div>\n\t\t\t\t\t<\/div>\n\t\t<\/div>\n\t\t\t\t\t<\/div>\n\t\t<\/section>\n\t\t\t\t<\/div>\n\t\t","protected":false},"excerpt":{"rendered":"<p>design mural Imagin&rsquo;OfficeDesign spacial \u00a0 En collaboration avec\u00a0Yemanja, j\u2019ai r\u00e9alis\u00e9 l\u2019habillage graphique et la signal\u00e9tique des nouveaux espaces de coworking d\u2019Imagin\u2019Office \u00e0 La D\u00e9fense. L\u2019intervention comprend la conception d\u2019une signal\u00e9tique globale (map murale thermoform\u00e9e, pictogrammes de tri, plaques de salles, affichage de portes), ainsi que des fresques murales, vitrophanies, stickers, d\u00e9coupes bois et \u00e9l\u00e9ments graphiques [&hellip;]<\/p>\n","protected":false},"author":1,"featured_media":0,"parent":0,"menu_order":0,"comment_status":"closed","ping_status":"closed","template":"","meta":{"footnotes":""},"class_list":["post-6672","page","type-page","status-publish","hentry"],"_links":{"self":[{"href":"https:\/\/marinepoiraton.com\/en\/wp-json\/wp\/v2\/pages\/6672","targetHints":{"allow":["GET"]}}],"collection":[{"href":"https:\/\/marinepoiraton.com\/en\/wp-json\/wp\/v2\/pages"}],"about":[{"href":"https:\/\/marinepoiraton.com\/en\/wp-json\/wp\/v2\/types\/page"}],"author":[{"embeddable":true,"href":"https:\/\/marinepoiraton.com\/en\/wp-json\/wp\/v2\/users\/1"}],"replies":[{"embeddable":true,"href":"https:\/\/marinepoiraton.com\/en\/wp-json\/wp\/v2\/comments?post=6672"}],"version-history":[{"count":76,"href":"https:\/\/marinepoiraton.com\/en\/wp-json\/wp\/v2\/pages\/6672\/revisions"}],"predecessor-version":[{"id":7150,"href":"https:\/\/marinepoiraton.com\/en\/wp-json\/wp\/v2\/pages\/6672\/revisions\/7150"}],"wp:attachment":[{"href":"https:\/\/marinepoiraton.com\/en\/wp-json\/wp\/v2\/media?parent=6672"}],"curies":[{"name":"wp","href":"https:\/\/api.w.org\/{rel}","templated":true}]}}