{"id":6841,"date":"2021-10-08T15:41:39","date_gmt":"2021-10-08T13:41:39","guid":{"rendered":"https:\/\/marinepoiraton.com\/?page_id=6841"},"modified":"2022-03-15T16:44:41","modified_gmt":"2022-03-15T15:44:41","slug":"mister-menuiserie","status":"publish","type":"page","link":"https:\/\/marinepoiraton.com\/en\/mister-menuiserie\/","title":{"rendered":"Mister Menuiserie"},"content":{"rendered":"\t\t<div data-elementor-type=\"wp-page\" data-elementor-id=\"6841\" class=\"elementor elementor-6841\" data-elementor-post-type=\"page\">\n\t\t\t\t\t\t<section class=\"elementor-section elementor-top-section elementor-element elementor-element-d2698f1 elementor-section-full_width elementor-section-stretched elementor-section-height-default elementor-section-height-default\" data-id=\"d2698f1\" data-element_type=\"section\" data-e-type=\"section\" data-settings=\"{&quot;background_background&quot;:&quot;classic&quot;,&quot;stretch_section&quot;:&quot;section-stretched&quot;}\">\n\t\t\t\t\t\t\t<div class=\"elementor-background-overlay\"><\/div>\n\t\t\t\t\t\t\t<div class=\"elementor-container elementor-column-gap-default\">\n\t\t\t\t\t<div class=\"elementor-column elementor-col-100 elementor-top-column elementor-element elementor-element-7d99677\" data-id=\"7d99677\" data-element_type=\"column\" data-e-type=\"column\">\n\t\t\t<div class=\"elementor-widget-wrap elementor-element-populated\">\n\t\t\t\t\t\t<div class=\"elementor-element elementor-element-2d99e10 elementor-invisible elementor-widget elementor-widget-heading\" data-id=\"2d99e10\" data-element_type=\"widget\" data-e-type=\"widget\" data-settings=\"{&quot;_animation&quot;:&quot;fadeIn&quot;}\" data-widget_type=\"heading.default\">\n\t\t\t\t<div class=\"elementor-widget-container\">\n\t\t\t\t\t<h1 class=\"elementor-heading-title elementor-size-default\"><a href=\"https:\/\/marinepoiraton.com\/design-mural\/\">design mural<\/a><\/h1>\t\t\t\t<\/div>\n\t\t\t\t<\/div>\n\t\t\t\t<div class=\"elementor-element elementor-element-a34555e elementor-invisible elementor-widget elementor-widget-heading\" data-id=\"a34555e\" data-element_type=\"widget\" data-e-type=\"widget\" data-settings=\"{&quot;motion_fx_motion_fx_scrolling&quot;:&quot;yes&quot;,&quot;_animation&quot;:&quot;zoomIn&quot;,&quot;motion_fx_devices&quot;:[&quot;desktop&quot;,&quot;tablet&quot;,&quot;mobile&quot;]}\" data-widget_type=\"heading.default\">\n\t\t\t\t<div class=\"elementor-widget-container\">\n\t\t\t\t\t<h1 class=\"elementor-heading-title elementor-size-default\">Mister Menuiserie<\/h1>\t\t\t\t<\/div>\n\t\t\t\t<\/div>\n\t\t\t\t\t<\/div>\n\t\t<\/div>\n\t\t\t\t\t<\/div>\n\t\t<\/section>\n\t\t\t\t<section class=\"elementor-section elementor-top-section elementor-element elementor-element-3ea2f1a elementor-section-boxed elementor-section-height-default elementor-section-height-default\" data-id=\"3ea2f1a\" data-element_type=\"section\" data-e-type=\"section\">\n\t\t\t\t\t\t<div class=\"elementor-container elementor-column-gap-default\">\n\t\t\t\t\t<div class=\"elementor-column elementor-col-100 elementor-top-column elementor-element elementor-element-462e853\" data-id=\"462e853\" data-element_type=\"column\" data-e-type=\"column\">\n\t\t\t<div class=\"elementor-widget-wrap elementor-element-populated\">\n\t\t\t\t\t\t<div class=\"elementor-element elementor-element-7ab93c0 elementor-position-top elementor-invisible elementor-widget elementor-widget-image-box\" data-id=\"7ab93c0\" data-element_type=\"widget\" data-e-type=\"widget\" data-settings=\"{&quot;_animation&quot;:&quot;fadeIn&quot;}\" data-widget_type=\"image-box.default\">\n\t\t\t\t<div class=\"elementor-widget-container\">\n\t\t\t\t\t<div class=\"elementor-image-box-wrapper\"><figure class=\"elementor-image-box-img\"><img fetchpriority=\"high\" decoding=\"async\" width=\"1920\" height=\"1080\" src=\"https:\/\/marinepoiraton.com\/wp-content\/uploads\/2021\/10\/Design_Mural_Mister_Menuiserie_Yemanja_Marine_Poiraton_5.png\" class=\"attachment-full size-full wp-image-6850\" alt=\"\" srcset=\"https:\/\/marinepoiraton.com\/wp-content\/uploads\/2021\/10\/Design_Mural_Mister_Menuiserie_Yemanja_Marine_Poiraton_5.png 1920w, https:\/\/marinepoiraton.com\/wp-content\/uploads\/2021\/10\/Design_Mural_Mister_Menuiserie_Yemanja_Marine_Poiraton_5-300x169.png 300w, https:\/\/marinepoiraton.com\/wp-content\/uploads\/2021\/10\/Design_Mural_Mister_Menuiserie_Yemanja_Marine_Poiraton_5-1024x576.png 1024w, https:\/\/marinepoiraton.com\/wp-content\/uploads\/2021\/10\/Design_Mural_Mister_Menuiserie_Yemanja_Marine_Poiraton_5-768x432.png 768w, https:\/\/marinepoiraton.com\/wp-content\/uploads\/2021\/10\/Design_Mural_Mister_Menuiserie_Yemanja_Marine_Poiraton_5-1536x864.png 1536w, https:\/\/marinepoiraton.com\/wp-content\/uploads\/2021\/10\/Design_Mural_Mister_Menuiserie_Yemanja_Marine_Poiraton_5-18x10.png 18w\" sizes=\"(max-width: 1920px) 100vw, 1920px\" \/><\/figure><\/div>\t\t\t\t<\/div>\n\t\t\t\t<\/div>\n\t\t\t\t\t<\/div>\n\t\t<\/div>\n\t\t\t\t\t<\/div>\n\t\t<\/section>\n\t\t\t\t<section class=\"elementor-section elementor-top-section elementor-element elementor-element-15bcb99 elementor-section-content-middle elementor-reverse-mobile elementor-section-boxed elementor-section-height-default elementor-section-height-default elementor-invisible\" data-id=\"15bcb99\" data-element_type=\"section\" data-e-type=\"section\" data-settings=\"{&quot;animation&quot;:&quot;fadeIn&quot;}\">\n\t\t\t\t\t\t<div class=\"elementor-container elementor-column-gap-no\">\n\t\t\t\t\t<div class=\"elementor-column elementor-col-100 elementor-top-column elementor-element elementor-element-4645ef2\" data-id=\"4645ef2\" data-element_type=\"column\" data-e-type=\"column\">\n\t\t\t<div class=\"elementor-widget-wrap elementor-element-populated\">\n\t\t\t\t\t\t<div class=\"elementor-element elementor-element-330b0ac elementor-invisible elementor-widget elementor-widget-text-editor\" data-id=\"330b0ac\" data-element_type=\"widget\" data-e-type=\"widget\" data-settings=\"{&quot;_animation&quot;:&quot;fadeIn&quot;}\" data-widget_type=\"text-editor.default\">\n\t\t\t\t<div class=\"elementor-widget-container\">\n\t\t\t\t\t\t\t\t\t<p style=\"text-align: center;\">Cr\u00e9ation d&rsquo;une illustration de 10 x 7,4 m\u00e8tres pour l&rsquo;espace \u00e9quipe de <a href=\"https:\/\/www.mistermenuiserie.com\/\" target=\"_blank\" rel=\"noopener\">Mister Menuiserie<\/a>, en collaboration avec <a href=\"https:\/\/yemanja.io\/\" target=\"_blank\" rel=\"noopener\">Yemanja<\/a>, studio de conception et am\u00e9nagement de bureaux. Le concept est de recr\u00e9er l&rsquo;histoire et l&rsquo;univers de Mister Menuiserie \u00e0 travers des \u00e9l\u00e9ments qui parlent de leur m\u00e9tier.<\/p><p style=\"text-align: center;\">La fresque mural a \u00e9t\u00e9 r\u00e9alis\u00e9 par l&rsquo;<a href=\"https:\/\/www.agenceglv.fr\/\" target=\"_blank\" rel=\"noopener\">agence GLV<\/a>.<\/p>\t\t\t\t\t\t\t\t<\/div>\n\t\t\t\t<\/div>\n\t\t\t\t\t<\/div>\n\t\t<\/div>\n\t\t\t\t\t<\/div>\n\t\t<\/section>\n\t\t\t\t<section class=\"elementor-section elementor-top-section elementor-element elementor-element-199849d elementor-section-boxed elementor-section-height-default elementor-section-height-default\" data-id=\"199849d\" data-element_type=\"section\" data-e-type=\"section\">\n\t\t\t\t\t\t<div class=\"elementor-container elementor-column-gap-default\">\n\t\t\t\t\t<div class=\"elementor-column elementor-col-100 elementor-top-column elementor-element elementor-element-920a521\" data-id=\"920a521\" data-element_type=\"column\" data-e-type=\"column\">\n\t\t\t<div class=\"elementor-widget-wrap elementor-element-populated\">\n\t\t\t\t\t\t<div class=\"elementor-element elementor-element-17955f8 elementor-widget elementor-widget-video\" data-id=\"17955f8\" data-element_type=\"widget\" data-e-type=\"widget\" data-settings=\"{&quot;video_type&quot;:&quot;hosted&quot;,&quot;start&quot;:0,&quot;autoplay&quot;:&quot;yes&quot;,&quot;play_on_mobile&quot;:&quot;yes&quot;,&quot;mute&quot;:&quot;yes&quot;,&quot;controls&quot;:&quot;yes&quot;}\" data-widget_type=\"video.default\">\n\t\t\t\t<div class=\"elementor-widget-container\">\n\t\t\t\t\t\t\t<div class=\"e-hosted-video elementor-wrapper elementor-open-inline\">\n\t\t\t\t\t<video class=\"elementor-video\" src=\"https:\/\/marinepoiraton.com\/wp-content\/uploads\/2021\/10\/Design_Mural_Mister_Menuiserie_Yemanja_Marine_Poiraton_6.mp4\" autoplay=\"\" controls=\"\" muted=\"muted\" playsinline=\"\" controlsList=\"nodownload\"><\/video>\n\t\t\t\t<\/div>\n\t\t\t\t\t\t<\/div>\n\t\t\t\t<\/div>\n\t\t\t\t\t<\/div>\n\t\t<\/div>\n\t\t\t\t\t<\/div>\n\t\t<\/section>\n\t\t\t\t<section class=\"elementor-section elementor-top-section elementor-element elementor-element-f24cfde elementor-section-boxed elementor-section-height-default elementor-section-height-default\" data-id=\"f24cfde\" data-element_type=\"section\" data-e-type=\"section\">\n\t\t\t\t\t\t<div class=\"elementor-container elementor-column-gap-default\">\n\t\t\t\t\t<div class=\"elementor-column elementor-col-50 elementor-top-column elementor-element elementor-element-d0c675b elementor-invisible\" data-id=\"d0c675b\" data-element_type=\"column\" data-e-type=\"column\" data-settings=\"{&quot;motion_fx_motion_fx_scrolling&quot;:&quot;yes&quot;,&quot;motion_fx_translateX_effect&quot;:&quot;yes&quot;,&quot;motion_fx_translateX_direction&quot;:&quot;negative&quot;,&quot;motion_fx_translateX_affectedRange&quot;:{&quot;unit&quot;:&quot;%&quot;,&quot;size&quot;:&quot;&quot;,&quot;sizes&quot;:{&quot;start&quot;:0,&quot;end&quot;:50}},&quot;animation&quot;:&quot;fadeIn&quot;,&quot;motion_fx_translateX_speed&quot;:{&quot;unit&quot;:&quot;px&quot;,&quot;size&quot;:4,&quot;sizes&quot;:[]},&quot;motion_fx_devices&quot;:[&quot;desktop&quot;,&quot;tablet&quot;,&quot;mobile&quot;]}\">\n\t\t\t<div class=\"elementor-widget-wrap elementor-element-populated\">\n\t\t\t\t\t\t<div class=\"elementor-element elementor-element-9394196 elementor-invisible elementor-widget elementor-widget-image\" data-id=\"9394196\" data-element_type=\"widget\" data-e-type=\"widget\" data-settings=\"{&quot;_animation&quot;:&quot;fadeIn&quot;}\" data-widget_type=\"image.default\">\n\t\t\t\t<div class=\"elementor-widget-container\">\n\t\t\t\t\t\t\t\t\t\t\t\t\t\t\t<img decoding=\"async\" width=\"800\" height=\"543\" src=\"https:\/\/marinepoiraton.com\/wp-content\/uploads\/2021\/06\/Design_Mural_Mister_Menuiserie_Yemanja_Marine_Poiraton_1.jpg\" class=\"attachment-large size-large wp-image-6486\" alt=\"\" srcset=\"https:\/\/marinepoiraton.com\/wp-content\/uploads\/2021\/06\/Design_Mural_Mister_Menuiserie_Yemanja_Marine_Poiraton_1.jpg 810w, https:\/\/marinepoiraton.com\/wp-content\/uploads\/2021\/06\/Design_Mural_Mister_Menuiserie_Yemanja_Marine_Poiraton_1-300x204.jpg 300w, https:\/\/marinepoiraton.com\/wp-content\/uploads\/2021\/06\/Design_Mural_Mister_Menuiserie_Yemanja_Marine_Poiraton_1-768x521.jpg 768w, https:\/\/marinepoiraton.com\/wp-content\/uploads\/2021\/06\/Design_Mural_Mister_Menuiserie_Yemanja_Marine_Poiraton_1-16x12.jpg 16w\" sizes=\"(max-width: 800px) 100vw, 800px\" \/>\t\t\t\t\t\t\t\t\t\t\t\t\t\t\t<\/div>\n\t\t\t\t<\/div>\n\t\t\t\t\t<\/div>\n\t\t<\/div>\n\t\t\t\t<div class=\"elementor-column elementor-col-50 elementor-top-column elementor-element elementor-element-bc45f5f elementor-invisible\" data-id=\"bc45f5f\" data-element_type=\"column\" data-e-type=\"column\" data-settings=\"{&quot;motion_fx_motion_fx_scrolling&quot;:&quot;yes&quot;,&quot;motion_fx_translateX_effect&quot;:&quot;yes&quot;,&quot;motion_fx_translateX_affectedRange&quot;:{&quot;unit&quot;:&quot;%&quot;,&quot;size&quot;:&quot;&quot;,&quot;sizes&quot;:{&quot;start&quot;:0,&quot;end&quot;:50}},&quot;animation&quot;:&quot;fadeIn&quot;,&quot;motion_fx_translateX_speed&quot;:{&quot;unit&quot;:&quot;px&quot;,&quot;size&quot;:4,&quot;sizes&quot;:[]},&quot;motion_fx_devices&quot;:[&quot;desktop&quot;,&quot;tablet&quot;,&quot;mobile&quot;]}\">\n\t\t\t<div class=\"elementor-widget-wrap elementor-element-populated\">\n\t\t\t\t\t\t<div class=\"elementor-element elementor-element-d411abf elementor-invisible elementor-widget elementor-widget-image\" data-id=\"d411abf\" data-element_type=\"widget\" data-e-type=\"widget\" data-settings=\"{&quot;_animation&quot;:&quot;fadeIn&quot;}\" data-widget_type=\"image.default\">\n\t\t\t\t<div class=\"elementor-widget-container\">\n\t\t\t\t\t\t\t\t\t\t\t\t\t\t\t<img decoding=\"async\" width=\"800\" height=\"543\" src=\"https:\/\/marinepoiraton.com\/wp-content\/uploads\/2021\/06\/Design_Mural_Mister_Menuiserie_Yemanja_Marine_Poiraton_4.jpg\" class=\"attachment-large size-large wp-image-6487\" alt=\"\" srcset=\"https:\/\/marinepoiraton.com\/wp-content\/uploads\/2021\/06\/Design_Mural_Mister_Menuiserie_Yemanja_Marine_Poiraton_4.jpg 810w, https:\/\/marinepoiraton.com\/wp-content\/uploads\/2021\/06\/Design_Mural_Mister_Menuiserie_Yemanja_Marine_Poiraton_4-300x204.jpg 300w, https:\/\/marinepoiraton.com\/wp-content\/uploads\/2021\/06\/Design_Mural_Mister_Menuiserie_Yemanja_Marine_Poiraton_4-768x521.jpg 768w, https:\/\/marinepoiraton.com\/wp-content\/uploads\/2021\/06\/Design_Mural_Mister_Menuiserie_Yemanja_Marine_Poiraton_4-16x12.jpg 16w\" sizes=\"(max-width: 800px) 100vw, 800px\" \/>\t\t\t\t\t\t\t\t\t\t\t\t\t\t\t<\/div>\n\t\t\t\t<\/div>\n\t\t\t\t\t<\/div>\n\t\t<\/div>\n\t\t\t\t\t<\/div>\n\t\t<\/section>\n\t\t\t\t<section class=\"elementor-section elementor-top-section elementor-element elementor-element-74c3acf elementor-section-boxed elementor-section-height-default elementor-section-height-default\" data-id=\"74c3acf\" data-element_type=\"section\" data-e-type=\"section\">\n\t\t\t\t\t\t<div class=\"elementor-container elementor-column-gap-default\">\n\t\t\t\t\t<div class=\"elementor-column elementor-col-50 elementor-top-column elementor-element elementor-element-32d23da elementor-invisible\" data-id=\"32d23da\" data-element_type=\"column\" data-e-type=\"column\" data-settings=\"{&quot;motion_fx_motion_fx_scrolling&quot;:&quot;yes&quot;,&quot;animation&quot;:&quot;fadeIn&quot;,&quot;motion_fx_devices&quot;:[&quot;desktop&quot;,&quot;tablet&quot;,&quot;mobile&quot;]}\">\n\t\t\t<div class=\"elementor-widget-wrap elementor-element-populated\">\n\t\t\t\t\t\t<div class=\"elementor-element elementor-element-8b47fd9 elementor-invisible elementor-widget elementor-widget-image\" data-id=\"8b47fd9\" data-element_type=\"widget\" data-e-type=\"widget\" data-settings=\"{&quot;_animation&quot;:&quot;fadeIn&quot;}\" data-widget_type=\"image.default\">\n\t\t\t\t<div class=\"elementor-widget-container\">\n\t\t\t\t\t\t\t\t\t\t\t\t\t\t\t<img loading=\"lazy\" decoding=\"async\" width=\"800\" height=\"543\" src=\"https:\/\/marinepoiraton.com\/wp-content\/uploads\/2021\/10\/Design_Mural_Mister_Menuiserie_Yemanja_Marine_Poiraton_7.jpg\" class=\"elementor-animation-grow attachment-large size-large wp-image-6880\" alt=\"\" srcset=\"https:\/\/marinepoiraton.com\/wp-content\/uploads\/2021\/10\/Design_Mural_Mister_Menuiserie_Yemanja_Marine_Poiraton_7.jpg 810w, https:\/\/marinepoiraton.com\/wp-content\/uploads\/2021\/10\/Design_Mural_Mister_Menuiserie_Yemanja_Marine_Poiraton_7-300x204.jpg 300w, https:\/\/marinepoiraton.com\/wp-content\/uploads\/2021\/10\/Design_Mural_Mister_Menuiserie_Yemanja_Marine_Poiraton_7-768x521.jpg 768w, https:\/\/marinepoiraton.com\/wp-content\/uploads\/2021\/10\/Design_Mural_Mister_Menuiserie_Yemanja_Marine_Poiraton_7-18x12.jpg 18w\" sizes=\"(max-width: 800px) 100vw, 800px\" \/>\t\t\t\t\t\t\t\t\t\t\t\t\t\t\t<\/div>\n\t\t\t\t<\/div>\n\t\t\t\t\t<\/div>\n\t\t<\/div>\n\t\t\t\t<div class=\"elementor-column elementor-col-50 elementor-top-column elementor-element elementor-element-1d02bd4 elementor-invisible\" data-id=\"1d02bd4\" data-element_type=\"column\" data-e-type=\"column\" data-settings=\"{&quot;motion_fx_motion_fx_scrolling&quot;:&quot;yes&quot;,&quot;animation&quot;:&quot;fadeIn&quot;,&quot;motion_fx_devices&quot;:[&quot;desktop&quot;,&quot;tablet&quot;,&quot;mobile&quot;]}\">\n\t\t\t<div class=\"elementor-widget-wrap elementor-element-populated\">\n\t\t\t\t\t\t<div class=\"elementor-element elementor-element-5c92cf9 elementor-invisible elementor-widget elementor-widget-image\" data-id=\"5c92cf9\" data-element_type=\"widget\" data-e-type=\"widget\" data-settings=\"{&quot;_animation&quot;:&quot;fadeIn&quot;}\" data-widget_type=\"image.default\">\n\t\t\t\t<div class=\"elementor-widget-container\">\n\t\t\t\t\t\t\t\t\t\t\t\t\t\t\t<img loading=\"lazy\" decoding=\"async\" width=\"800\" height=\"543\" src=\"https:\/\/marinepoiraton.com\/wp-content\/uploads\/2021\/10\/Design_Mural_Mister_Menuiserie_Yemanja_Marine_Poiraton_8.jpg\" class=\"elementor-animation-grow attachment-large size-large wp-image-6881\" alt=\"\" srcset=\"https:\/\/marinepoiraton.com\/wp-content\/uploads\/2021\/10\/Design_Mural_Mister_Menuiserie_Yemanja_Marine_Poiraton_8.jpg 810w, https:\/\/marinepoiraton.com\/wp-content\/uploads\/2021\/10\/Design_Mural_Mister_Menuiserie_Yemanja_Marine_Poiraton_8-300x204.jpg 300w, https:\/\/marinepoiraton.com\/wp-content\/uploads\/2021\/10\/Design_Mural_Mister_Menuiserie_Yemanja_Marine_Poiraton_8-768x521.jpg 768w, https:\/\/marinepoiraton.com\/wp-content\/uploads\/2021\/10\/Design_Mural_Mister_Menuiserie_Yemanja_Marine_Poiraton_8-18x12.jpg 18w\" sizes=\"(max-width: 800px) 100vw, 800px\" \/>\t\t\t\t\t\t\t\t\t\t\t\t\t\t\t<\/div>\n\t\t\t\t<\/div>\n\t\t\t\t\t<\/div>\n\t\t<\/div>\n\t\t\t\t\t<\/div>\n\t\t<\/section>\n\t\t\t\t<section class=\"elementor-section elementor-top-section elementor-element elementor-element-b8c41fe elementor-section-boxed elementor-section-height-default elementor-section-height-default\" data-id=\"b8c41fe\" data-element_type=\"section\" data-e-type=\"section\">\n\t\t\t\t\t\t<div class=\"elementor-container elementor-column-gap-default\">\n\t\t\t\t\t<div class=\"elementor-column elementor-col-50 elementor-top-column elementor-element elementor-element-6a8f6fc elementor-invisible\" data-id=\"6a8f6fc\" data-element_type=\"column\" data-e-type=\"column\" data-settings=\"{&quot;motion_fx_motion_fx_scrolling&quot;:&quot;yes&quot;,&quot;motion_fx_translateX_effect&quot;:&quot;yes&quot;,&quot;motion_fx_translateX_direction&quot;:&quot;negative&quot;,&quot;motion_fx_translateX_affectedRange&quot;:{&quot;unit&quot;:&quot;%&quot;,&quot;size&quot;:&quot;&quot;,&quot;sizes&quot;:{&quot;start&quot;:0,&quot;end&quot;:50}},&quot;animation&quot;:&quot;fadeIn&quot;,&quot;motion_fx_translateX_speed&quot;:{&quot;unit&quot;:&quot;px&quot;,&quot;size&quot;:4,&quot;sizes&quot;:[]},&quot;motion_fx_devices&quot;:[&quot;desktop&quot;,&quot;tablet&quot;,&quot;mobile&quot;]}\">\n\t\t\t<div class=\"elementor-widget-wrap elementor-element-populated\">\n\t\t\t\t\t\t<div class=\"elementor-element elementor-element-1aa7399 elementor-invisible elementor-widget elementor-widget-image\" data-id=\"1aa7399\" data-element_type=\"widget\" data-e-type=\"widget\" data-settings=\"{&quot;_animation&quot;:&quot;fadeIn&quot;}\" data-widget_type=\"image.default\">\n\t\t\t\t<div class=\"elementor-widget-container\">\n\t\t\t\t\t\t\t\t\t\t\t\t\t\t\t<img loading=\"lazy\" decoding=\"async\" width=\"800\" height=\"543\" src=\"https:\/\/marinepoiraton.com\/wp-content\/uploads\/2021\/10\/Design_Mural_Mister_Menuiserie_Yemanja_Marine_Poiraton_9.jpg\" class=\"attachment-large size-large wp-image-6882\" alt=\"\" srcset=\"https:\/\/marinepoiraton.com\/wp-content\/uploads\/2021\/10\/Design_Mural_Mister_Menuiserie_Yemanja_Marine_Poiraton_9.jpg 810w, https:\/\/marinepoiraton.com\/wp-content\/uploads\/2021\/10\/Design_Mural_Mister_Menuiserie_Yemanja_Marine_Poiraton_9-300x204.jpg 300w, https:\/\/marinepoiraton.com\/wp-content\/uploads\/2021\/10\/Design_Mural_Mister_Menuiserie_Yemanja_Marine_Poiraton_9-768x521.jpg 768w, https:\/\/marinepoiraton.com\/wp-content\/uploads\/2021\/10\/Design_Mural_Mister_Menuiserie_Yemanja_Marine_Poiraton_9-18x12.jpg 18w\" sizes=\"(max-width: 800px) 100vw, 800px\" \/>\t\t\t\t\t\t\t\t\t\t\t\t\t\t\t<\/div>\n\t\t\t\t<\/div>\n\t\t\t\t\t<\/div>\n\t\t<\/div>\n\t\t\t\t<div class=\"elementor-column elementor-col-50 elementor-top-column elementor-element elementor-element-16cb4cc elementor-invisible\" data-id=\"16cb4cc\" data-element_type=\"column\" data-e-type=\"column\" data-settings=\"{&quot;motion_fx_motion_fx_scrolling&quot;:&quot;yes&quot;,&quot;motion_fx_translateX_effect&quot;:&quot;yes&quot;,&quot;motion_fx_translateX_affectedRange&quot;:{&quot;unit&quot;:&quot;%&quot;,&quot;size&quot;:&quot;&quot;,&quot;sizes&quot;:{&quot;start&quot;:0,&quot;end&quot;:50}},&quot;animation&quot;:&quot;fadeIn&quot;,&quot;motion_fx_translateX_speed&quot;:{&quot;unit&quot;:&quot;px&quot;,&quot;size&quot;:4,&quot;sizes&quot;:[]},&quot;motion_fx_devices&quot;:[&quot;desktop&quot;,&quot;tablet&quot;,&quot;mobile&quot;]}\">\n\t\t\t<div class=\"elementor-widget-wrap elementor-element-populated\">\n\t\t\t\t\t\t<div class=\"elementor-element elementor-element-86cf431 elementor-invisible elementor-widget elementor-widget-image\" data-id=\"86cf431\" data-element_type=\"widget\" data-e-type=\"widget\" data-settings=\"{&quot;_animation&quot;:&quot;fadeIn&quot;}\" data-widget_type=\"image.default\">\n\t\t\t\t<div class=\"elementor-widget-container\">\n\t\t\t\t\t\t\t\t\t\t\t\t\t\t\t<img loading=\"lazy\" decoding=\"async\" width=\"800\" height=\"543\" src=\"https:\/\/marinepoiraton.com\/wp-content\/uploads\/2021\/10\/Design_Mural_Mister_Menuiserie_Yemanja_Marine_Poiraton_11.jpg\" class=\"attachment-large size-large wp-image-6884\" alt=\"\" srcset=\"https:\/\/marinepoiraton.com\/wp-content\/uploads\/2021\/10\/Design_Mural_Mister_Menuiserie_Yemanja_Marine_Poiraton_11.jpg 810w, https:\/\/marinepoiraton.com\/wp-content\/uploads\/2021\/10\/Design_Mural_Mister_Menuiserie_Yemanja_Marine_Poiraton_11-300x204.jpg 300w, https:\/\/marinepoiraton.com\/wp-content\/uploads\/2021\/10\/Design_Mural_Mister_Menuiserie_Yemanja_Marine_Poiraton_11-768x521.jpg 768w, https:\/\/marinepoiraton.com\/wp-content\/uploads\/2021\/10\/Design_Mural_Mister_Menuiserie_Yemanja_Marine_Poiraton_11-18x12.jpg 18w\" sizes=\"(max-width: 800px) 100vw, 800px\" \/>\t\t\t\t\t\t\t\t\t\t\t\t\t\t\t<\/div>\n\t\t\t\t<\/div>\n\t\t\t\t\t<\/div>\n\t\t<\/div>\n\t\t\t\t\t<\/div>\n\t\t<\/section>\n\t\t\t\t<section class=\"elementor-section elementor-top-section elementor-element elementor-element-bfd7ff6 elementor-section-boxed elementor-section-height-default elementor-section-height-default\" data-id=\"bfd7ff6\" data-element_type=\"section\" data-e-type=\"section\">\n\t\t\t\t\t\t<div class=\"elementor-container elementor-column-gap-default\">\n\t\t\t\t\t<div class=\"elementor-column elementor-col-50 elementor-top-column elementor-element elementor-element-82f7675 elementor-invisible\" data-id=\"82f7675\" data-element_type=\"column\" data-e-type=\"column\" data-settings=\"{&quot;motion_fx_motion_fx_scrolling&quot;:&quot;yes&quot;,&quot;animation&quot;:&quot;fadeIn&quot;,&quot;motion_fx_devices&quot;:[&quot;desktop&quot;,&quot;tablet&quot;,&quot;mobile&quot;]}\">\n\t\t\t<div class=\"elementor-widget-wrap elementor-element-populated\">\n\t\t\t\t\t\t<div class=\"elementor-element elementor-element-7724969 elementor-invisible elementor-widget elementor-widget-image\" data-id=\"7724969\" data-element_type=\"widget\" data-e-type=\"widget\" data-settings=\"{&quot;_animation&quot;:&quot;fadeIn&quot;}\" data-widget_type=\"image.default\">\n\t\t\t\t<div class=\"elementor-widget-container\">\n\t\t\t\t\t\t\t\t\t\t\t\t\t\t\t<img loading=\"lazy\" decoding=\"async\" width=\"800\" height=\"543\" src=\"https:\/\/marinepoiraton.com\/wp-content\/uploads\/2021\/10\/Design_Mural_Mister_Menuiserie_Yemanja_Marine_Poiraton_11.jpg\" class=\"elementor-animation-grow attachment-large size-large wp-image-6884\" alt=\"\" srcset=\"https:\/\/marinepoiraton.com\/wp-content\/uploads\/2021\/10\/Design_Mural_Mister_Menuiserie_Yemanja_Marine_Poiraton_11.jpg 810w, https:\/\/marinepoiraton.com\/wp-content\/uploads\/2021\/10\/Design_Mural_Mister_Menuiserie_Yemanja_Marine_Poiraton_11-300x204.jpg 300w, https:\/\/marinepoiraton.com\/wp-content\/uploads\/2021\/10\/Design_Mural_Mister_Menuiserie_Yemanja_Marine_Poiraton_11-768x521.jpg 768w, https:\/\/marinepoiraton.com\/wp-content\/uploads\/2021\/10\/Design_Mural_Mister_Menuiserie_Yemanja_Marine_Poiraton_11-18x12.jpg 18w\" sizes=\"(max-width: 800px) 100vw, 800px\" \/>\t\t\t\t\t\t\t\t\t\t\t\t\t\t\t<\/div>\n\t\t\t\t<\/div>\n\t\t\t\t\t<\/div>\n\t\t<\/div>\n\t\t\t\t<div class=\"elementor-column elementor-col-50 elementor-top-column elementor-element elementor-element-885f56f elementor-invisible\" data-id=\"885f56f\" data-element_type=\"column\" data-e-type=\"column\" data-settings=\"{&quot;motion_fx_motion_fx_scrolling&quot;:&quot;yes&quot;,&quot;animation&quot;:&quot;fadeIn&quot;,&quot;motion_fx_devices&quot;:[&quot;desktop&quot;,&quot;tablet&quot;,&quot;mobile&quot;]}\">\n\t\t\t<div class=\"elementor-widget-wrap elementor-element-populated\">\n\t\t\t\t\t\t<div class=\"elementor-element elementor-element-9d3e64c elementor-invisible elementor-widget elementor-widget-image\" data-id=\"9d3e64c\" data-element_type=\"widget\" data-e-type=\"widget\" data-settings=\"{&quot;_animation&quot;:&quot;fadeIn&quot;}\" data-widget_type=\"image.default\">\n\t\t\t\t<div class=\"elementor-widget-container\">\n\t\t\t\t\t\t\t\t\t\t\t\t\t\t\t<img loading=\"lazy\" decoding=\"async\" width=\"800\" height=\"543\" src=\"https:\/\/marinepoiraton.com\/wp-content\/uploads\/2021\/10\/Design_Mural_Mister_Menuiserie_Yemanja_Marine_Poiraton_12.jpg\" class=\"elementor-animation-grow attachment-large size-large wp-image-6885\" alt=\"\" srcset=\"https:\/\/marinepoiraton.com\/wp-content\/uploads\/2021\/10\/Design_Mural_Mister_Menuiserie_Yemanja_Marine_Poiraton_12.jpg 810w, https:\/\/marinepoiraton.com\/wp-content\/uploads\/2021\/10\/Design_Mural_Mister_Menuiserie_Yemanja_Marine_Poiraton_12-300x204.jpg 300w, https:\/\/marinepoiraton.com\/wp-content\/uploads\/2021\/10\/Design_Mural_Mister_Menuiserie_Yemanja_Marine_Poiraton_12-768x521.jpg 768w, https:\/\/marinepoiraton.com\/wp-content\/uploads\/2021\/10\/Design_Mural_Mister_Menuiserie_Yemanja_Marine_Poiraton_12-18x12.jpg 18w\" sizes=\"(max-width: 800px) 100vw, 800px\" \/>\t\t\t\t\t\t\t\t\t\t\t\t\t\t\t<\/div>\n\t\t\t\t<\/div>\n\t\t\t\t\t<\/div>\n\t\t<\/div>\n\t\t\t\t\t<\/div>\n\t\t<\/section>\n\t\t\t\t<\/div>\n\t\t","protected":false},"excerpt":{"rendered":"<p>design mural Mister Menuiserie Cr\u00e9ation d&rsquo;une illustration de 10 x 7,4 m\u00e8tres pour l&rsquo;espace \u00e9quipe de Mister Menuiserie, en collaboration avec Yemanja, studio de conception et am\u00e9nagement de bureaux. Le concept est de recr\u00e9er l&rsquo;histoire et l&rsquo;univers de Mister Menuiserie \u00e0 travers des \u00e9l\u00e9ments qui parlent de leur m\u00e9tier. La fresque mural a \u00e9t\u00e9 r\u00e9alis\u00e9 [&hellip;]<\/p>\n","protected":false},"author":1,"featured_media":0,"parent":0,"menu_order":0,"comment_status":"closed","ping_status":"closed","template":"","meta":{"footnotes":""},"class_list":["post-6841","page","type-page","status-publish","hentry"],"_links":{"self":[{"href":"https:\/\/marinepoiraton.com\/en\/wp-json\/wp\/v2\/pages\/6841","targetHints":{"allow":["GET"]}}],"collection":[{"href":"https:\/\/marinepoiraton.com\/en\/wp-json\/wp\/v2\/pages"}],"about":[{"href":"https:\/\/marinepoiraton.com\/en\/wp-json\/wp\/v2\/types\/page"}],"author":[{"embeddable":true,"href":"https:\/\/marinepoiraton.com\/en\/wp-json\/wp\/v2\/users\/1"}],"replies":[{"embeddable":true,"href":"https:\/\/marinepoiraton.com\/en\/wp-json\/wp\/v2\/comments?post=6841"}],"version-history":[{"count":43,"href":"https:\/\/marinepoiraton.com\/en\/wp-json\/wp\/v2\/pages\/6841\/revisions"}],"predecessor-version":[{"id":7037,"href":"https:\/\/marinepoiraton.com\/en\/wp-json\/wp\/v2\/pages\/6841\/revisions\/7037"}],"wp:attachment":[{"href":"https:\/\/marinepoiraton.com\/en\/wp-json\/wp\/v2\/media?parent=6841"}],"curies":[{"name":"wp","href":"https:\/\/api.w.org\/{rel}","templated":true}]}}