{"id":7462,"date":"2026-04-10T20:22:13","date_gmt":"2026-04-10T18:22:13","guid":{"rendered":"https:\/\/marinepoiraton.com\/about-3\/"},"modified":"2026-04-11T01:51:28","modified_gmt":"2026-04-10T23:51:28","slug":"about","status":"publish","type":"page","link":"https:\/\/marinepoiraton.com\/en\/about\/","title":{"rendered":"About"},"content":{"rendered":"<div data-elementor-type=\"wp-page\" data-elementor-id=\"7462\" class=\"elementor elementor-7462\" data-elementor-post-type=\"page\">\n\t\t\t\t\t\t<section class=\"elementor-section elementor-top-section elementor-element elementor-element-66dabd2a elementor-section-boxed elementor-section-height-default elementor-section-height-default elementor-invisible\" data-id=\"66dabd2a\" data-element_type=\"section\" data-e-type=\"section\" data-settings=\"{&quot;animation&quot;:&quot;fadeInUp&quot;}\">\n\t\t\t\t\t\t<div class=\"elementor-container elementor-column-gap-no\">\n\t\t\t\t\t<div class=\"elementor-column elementor-col-100 elementor-top-column elementor-element elementor-element-4026150a\" data-id=\"4026150a\" data-element_type=\"column\" data-e-type=\"column\" data-settings=\"{&quot;background_background&quot;:&quot;classic&quot;}\">\n\t\t\t<div class=\"elementor-widget-wrap elementor-element-populated\">\n\t\t\t\t\t\t<div class=\"elementor-element elementor-element-4e4328c9 elementor-widget elementor-widget-heading\" data-id=\"4e4328c9\" data-element_type=\"widget\" data-e-type=\"widget\" data-widget_type=\"heading.default\">\n\t\t\t\t<div class=\"elementor-widget-container\">\n\t\t\t\t\t<h1 class=\"elementor-heading-title elementor-size-default\">\u00c0 Propos<\/h1>\t\t\t\t<\/div>\n\t\t\t\t<\/div>\n\t\t\t\t<div class=\"elementor-element elementor-element-7db48503 elementor-widget elementor-widget-text-editor\" data-id=\"7db48503\" data-element_type=\"widget\" data-e-type=\"widget\" data-widget_type=\"text-editor.default\">\n\t\t\t\t<div class=\"elementor-widget-container\">\n\t\t\t\t\t\t\t\t\t<p>Designer graphique, directrice artistique et artiste, n\u00e9e pr\u00e8s de Paris, j&rsquo;ai \u00e9tudi\u00e9 \u00e0 l&rsquo;Acad\u00e9mie Royale des Beaux-Arts de Bruxelles, puis \u00e0 l&rsquo;Erg (\u00c9cole de recherche graphique) o\u00f9 j&rsquo;ai obtenu un Master en arts plastiques, visuels et de l&rsquo;espace, atelier pratique artistiques et compl\u00e9xit\u00e9 scientifique, option graphisme.<\/p>\t\t\t\t\t\t\t\t<\/div>\n\t\t\t\t<\/div>\n\t\t\t\t\t<\/div>\n\t\t<\/div>\n\t\t\t\t\t<\/div>\n\t\t<\/section>\n\t\t\t\t<section class=\"elementor-section elementor-top-section elementor-element elementor-element-2b96c8d7 elementor-section-boxed elementor-section-height-default elementor-section-height-default\" data-id=\"2b96c8d7\" data-element_type=\"section\" data-e-type=\"section\">\n\t\t\t\t\t\t<div class=\"elementor-container elementor-column-gap-no\">\n\t\t\t\t\t<div class=\"elementor-column elementor-col-100 elementor-top-column elementor-element elementor-element-37a4490a\" data-id=\"37a4490a\" data-element_type=\"column\" data-e-type=\"column\" data-settings=\"{&quot;background_background&quot;:&quot;classic&quot;}\">\n\t\t\t<div class=\"elementor-widget-wrap elementor-element-populated\">\n\t\t\t\t\t\t<div class=\"elementor-element elementor-element-7a7f936a elementor-widget elementor-widget-image\" data-id=\"7a7f936a\" data-element_type=\"widget\" data-e-type=\"widget\" data-widget_type=\"image.default\">\n\t\t\t\t<div class=\"elementor-widget-container\">\n\t\t\t\t\t\t\t\t\t\t\t\t\t\t\t<img fetchpriority=\"high\" decoding=\"async\" width=\"1460\" height=\"600\" src=\"https:\/\/marinepoiraton.com\/wp-content\/uploads\/2026\/04\/About.jpg\" class=\"attachment-full size-full wp-image-7535\" alt=\"\" srcset=\"https:\/\/marinepoiraton.com\/wp-content\/uploads\/2026\/04\/About.jpg 1460w, https:\/\/marinepoiraton.com\/wp-content\/uploads\/2026\/04\/About-300x123.jpg 300w, https:\/\/marinepoiraton.com\/wp-content\/uploads\/2026\/04\/About-1024x421.jpg 1024w, https:\/\/marinepoiraton.com\/wp-content\/uploads\/2026\/04\/About-768x316.jpg 768w, https:\/\/marinepoiraton.com\/wp-content\/uploads\/2026\/04\/About-18x7.jpg 18w\" sizes=\"(max-width: 1460px) 100vw, 1460px\" \/>\t\t\t\t\t\t\t\t\t\t\t\t\t\t\t<\/div>\n\t\t\t\t<\/div>\n\t\t\t\t\t<\/div>\n\t\t<\/div>\n\t\t\t\t\t<\/div>\n\t\t<\/section>\n\t\t\t\t<section class=\"elementor-section elementor-top-section elementor-element elementor-element-24e567b elementor-section-boxed elementor-section-height-default elementor-section-height-default elementor-invisible\" data-id=\"24e567b\" data-element_type=\"section\" data-e-type=\"section\" data-settings=\"{&quot;animation&quot;:&quot;fadeInUp&quot;}\">\n\t\t\t\t\t\t\t<div class=\"elementor-background-overlay\"><\/div>\n\t\t\t\t\t\t\t<div class=\"elementor-container elementor-column-gap-no\">\n\t\t\t\t\t<div class=\"elementor-column elementor-col-100 elementor-top-column elementor-element elementor-element-f1162ad\" data-id=\"f1162ad\" data-element_type=\"column\" data-e-type=\"column\" data-settings=\"{&quot;background_background&quot;:&quot;classic&quot;}\">\n\t\t\t<div class=\"elementor-widget-wrap elementor-element-populated\">\n\t\t\t\t\t\t<div class=\"elementor-element elementor-element-1da0391 elementor-widget elementor-widget-heading\" data-id=\"1da0391\" data-element_type=\"widget\" data-e-type=\"widget\" data-widget_type=\"heading.default\">\n\t\t\t\t<div class=\"elementor-widget-container\">\n\t\t\t\t\t<h1 class=\"elementor-heading-title elementor-size-default\">C\u00f4t\u00e9 design graphique<\/h1>\t\t\t\t<\/div>\n\t\t\t\t<\/div>\n\t\t\t\t<div class=\"elementor-element elementor-element-757fbc8 elementor-widget elementor-widget-text-editor\" data-id=\"757fbc8\" data-element_type=\"widget\" data-e-type=\"widget\" data-widget_type=\"text-editor.default\">\n\t\t\t\t<div class=\"elementor-widget-container\">\n\t\t\t\t\t\t\t\t\t<p>Apr\u00e8s plus de trois ann\u00e9es d&rsquo;exp\u00e9rience au sein de l&rsquo;agence de communication Ellen Coopers Paris, en tant que D.A, je me lance en travailleur autonome \/ freelance \u00e0 temps plein afin de proposer mes services de design graphique \u00e0 mes clients (\u00e0 temps partiel depuis 2016). Une nouvelle \u00e9tape marqu\u00e9e par le d\u00e9sir d&rsquo;ind\u00e9pendance et d&rsquo;un regard personnel sur les enjeux de la communication contemporaine.<\/p><p>Depuis janvier 2022, je suis install\u00e9e \u00e0 Montr\u00e9al. Cette immersion dans un nouveau contexte culturel nourrit profond\u00e9ment ma pratique tant graphique qu&rsquo;artistique. La diversit\u00e9 des influences, le rapport plus libre \u00e0 la cr\u00e9ation et la richesse de la sc\u00e8ne artistique montr\u00e9alaise participent \u00e0 \u00e9largir mon regard et \u00e0 faire \u00e9voluer mes m\u00e9thodes de travail.<\/p><p>En combinant mon travail de freelance et mon exp\u00e9rience en agence, j&rsquo;ai gagn\u00e9 en autonomie tout en d\u00e9veloppant un solide sens du travail en \u00e9quipe. Perfectionniste, je suis attentive au moindre d\u00e9tail.<\/p>\t\t\t\t\t\t\t\t<\/div>\n\t\t\t\t<\/div>\n\t\t\t\t\t<\/div>\n\t\t<\/div>\n\t\t\t\t\t<\/div>\n\t\t<\/section>\n\t\t\t\t<section class=\"elementor-section elementor-top-section elementor-element elementor-element-e882127 elementor-section-boxed elementor-section-height-default elementor-section-height-default elementor-invisible\" data-id=\"e882127\" data-element_type=\"section\" data-e-type=\"section\" data-settings=\"{&quot;animation&quot;:&quot;fadeInUp&quot;}\">\n\t\t\t\t\t\t<div class=\"elementor-container elementor-column-gap-no\">\n\t\t\t\t\t<div class=\"elementor-column elementor-col-100 elementor-top-column elementor-element elementor-element-aeb7281\" data-id=\"aeb7281\" data-element_type=\"column\" data-e-type=\"column\" data-settings=\"{&quot;background_background&quot;:&quot;classic&quot;}\">\n\t\t\t<div class=\"elementor-widget-wrap elementor-element-populated\">\n\t\t\t\t\t\t<div class=\"elementor-element elementor-element-b49b31e elementor-widget elementor-widget-heading\" data-id=\"b49b31e\" data-element_type=\"widget\" data-e-type=\"widget\" data-widget_type=\"heading.default\">\n\t\t\t\t<div class=\"elementor-widget-container\">\n\t\t\t\t\t<h1 class=\"elementor-heading-title elementor-size-default\">Artistic practice<\/h1>\t\t\t\t<\/div>\n\t\t\t\t<\/div>\n\t\t\t\t<div class=\"elementor-element elementor-element-c543356 elementor-widget elementor-widget-text-editor\" data-id=\"c543356\" data-element_type=\"widget\" data-e-type=\"widget\" data-widget_type=\"text-editor.default\">\n\t\t\t\t<div class=\"elementor-widget-container\">\n\t\t\t\t\t\t\t\t\t<p>Passionn\u00e9e d&rsquo;art, de peinture, de photographie argentique, de papier et de diff\u00e9rentes techniques d&rsquo;impression, je ne cesse de poursuivre mes recherches graphiques et ma pratique artistique \u00e0 travers diff\u00e9rents supports et outils.<\/p><p>Je d\u00e9veloppe aujourd&rsquo;hui, entre autres, ma pratique au sein d&rsquo;un atelier partag\u00e9 avec d&rsquo;autres artistes, un environnement stimulant qui favorise les \u00e9changes, la collaboration et l&rsquo;exp\u00e9rimentation.<\/p><p>Depuis bient\u00f4t un an, chaque matin je r\u00e9alise des \u00ab\u00a0Morning Sketches\u00a0\u00bb (directement inspir\u00e9 des \u00ab\u00a0Morning Pages), je prends des pastels \u00e0 l&rsquo;huile et je laisse les couleurs et la texture se d\u00e9poser librement sur le papier, un geste spontan\u00e9, un mouvement libre et sans jugement, sans pression : juste cr\u00e9er, laisser aller. C&rsquo;est devenu un moment doux, loin du cell et du flot d&rsquo;informations du r\u00e9veil. Une fa\u00e7on de commencer la journ\u00e9e en l\u00e9g\u00e8ret\u00e9, de vider la t\u00eate et de nourrir la cr\u00e9ativit\u00e9.<\/p><p>Durant mes cinq ann\u00e9es d&rsquo;\u00e9tudes \u00e0 Bruxelles, j&rsquo;ai eu la chance d&rsquo;avoir acc\u00e8s \u00e0 diff\u00e9rents ateliers et ainsi d\u00e9velopper mes comp\u00e9tences en typographie, design graphique, photographie, s\u00e9rigraphie, risographie, animation,&#8230;<\/p><p>Toujours curieuse de contrastes, de compositions, de couleurs assorties &amp; vibrantes, et de simplicit\u00e9 audacieuse, je fonde mes \u0153uvres dans l&rsquo;acte d&rsquo;\u00e9quilibrer des souvenirs abstraits, le langage &#8211; qui est une pr\u00e9occupation constant, qu&rsquo;il soit parl\u00e9, \u00e9crit ou corporel &#8211; des sentiments et de la musique o\u00f9 le mouvement \u00e0 toujours eu une place tr\u00e8s importante.<br \/>Tous ces int\u00e9r\u00eats sont influenc\u00e9s par mon approche moderne des arts et la diversit\u00e9 de ma formation ainsi que mes exp\u00e9riences en tant que graphiste et directrice artistique.<\/p>\t\t\t\t\t\t\t\t<\/div>\n\t\t\t\t<\/div>\n\t\t\t\t\t<\/div>\n\t\t<\/div>\n\t\t\t\t\t<\/div>\n\t\t<\/section>\n\t\t\t\t<section class=\"elementor-section elementor-top-section elementor-element elementor-element-331094ba elementor-section-boxed elementor-section-height-default elementor-section-height-default\" data-id=\"331094ba\" data-element_type=\"section\" data-e-type=\"section\">\n\t\t\t\t\t\t<div class=\"elementor-container elementor-column-gap-no\">\n\t\t\t\t\t<div class=\"elementor-column elementor-col-33 elementor-top-column elementor-element elementor-element-d79a1b3\" data-id=\"d79a1b3\" data-element_type=\"column\" data-e-type=\"column\">\n\t\t\t<div class=\"elementor-widget-wrap elementor-element-populated\">\n\t\t\t\t\t\t<div class=\"elementor-element elementor-element-79ae2418 elementor-widget elementor-widget-icon-box\" data-id=\"79ae2418\" data-element_type=\"widget\" data-e-type=\"widget\" data-widget_type=\"icon-box.default\">\n\t\t\t\t<div class=\"elementor-widget-container\">\n\t\t\t\t\t\t\t<div class=\"elementor-icon-box-wrapper\">\n\n\t\t\t\n\t\t\t\t\t\t<div class=\"elementor-icon-box-content\">\n\n\t\t\t\t\t\t\t\t\t<h4 class=\"elementor-icon-box-title\">\n\t\t\t\t\t\t<span  >\n\t\t\t\t\t\t\tClients\t\t\t\t\t\t<\/span>\n\t\t\t\t\t<\/h4>\n\t\t\t\t\n\t\t\t\t\t\t\t\t\t<p class=\"elementor-icon-box-description\">\n\t\t\t\t\t\tMU MTL, Les Saisons, Hello Hossy, Ville de Montr\u00e9al, Yemanja, CeramiQ, Hexa\u00f4m, Mediawan, Imagin'Office, TipToe, ArtBangBang, ArtGang Montr\u00e9al,...\t\t\t\t\t<\/p>\n\t\t\t\t\n\t\t\t<\/div>\n\t\t\t\n\t\t<\/div>\n\t\t\t\t\t\t<\/div>\n\t\t\t\t<\/div>\n\t\t\t\t\t<\/div>\n\t\t<\/div>\n\t\t\t\t<div class=\"elementor-column elementor-col-33 elementor-top-column elementor-element elementor-element-351153b6\" data-id=\"351153b6\" data-element_type=\"column\" data-e-type=\"column\">\n\t\t\t<div class=\"elementor-widget-wrap elementor-element-populated\">\n\t\t\t\t\t\t<div class=\"elementor-element elementor-element-72135d49 elementor-widget elementor-widget-heading\" data-id=\"72135d49\" data-element_type=\"widget\" data-e-type=\"widget\" data-widget_type=\"heading.default\">\n\t\t\t\t<div class=\"elementor-widget-container\">\n\t\t\t\t\t<h4 class=\"elementor-heading-title elementor-size-default\">exp\u00e9riences<\/h4>\t\t\t\t<\/div>\n\t\t\t\t<\/div>\n\t\t\t\t<div class=\"elementor-element elementor-element-7f530f0e elementor-icon-list--layout-traditional elementor-list-item-link-full_width elementor-widget elementor-widget-icon-list\" data-id=\"7f530f0e\" data-element_type=\"widget\" data-e-type=\"widget\" data-widget_type=\"icon-list.default\">\n\t\t\t\t<div class=\"elementor-widget-container\">\n\t\t\t\t\t\t\t<ul class=\"elementor-icon-list-items\">\n\t\t\t\t\t\t\t<li class=\"elementor-icon-list-item\">\n\t\t\t\t\t\t\t\t\t\t<span class=\"elementor-icon-list-text\">1 : \u00e0 venir<\/span>\n\t\t\t\t\t\t\t\t\t<\/li>\n\t\t\t\t\t\t\t\t<li class=\"elementor-icon-list-item\">\n\t\t\t\t\t\t\t\t\t\t<span class=\"elementor-icon-list-text\">2 : \u00e0 venir<\/span>\n\t\t\t\t\t\t\t\t\t<\/li>\n\t\t\t\t\t\t<\/ul>\n\t\t\t\t\t\t<\/div>\n\t\t\t\t<\/div>\n\t\t\t\t\t<\/div>\n\t\t<\/div>\n\t\t\t\t<div class=\"elementor-column elementor-col-33 elementor-top-column elementor-element elementor-element-9108d4\" data-id=\"9108d4\" data-element_type=\"column\" data-e-type=\"column\">\n\t\t\t<div class=\"elementor-widget-wrap elementor-element-populated\">\n\t\t\t\t\t\t<div class=\"elementor-element elementor-element-1a80b2e9 elementor-widget elementor-widget-icon-box\" data-id=\"1a80b2e9\" data-element_type=\"widget\" data-e-type=\"widget\" data-widget_type=\"icon-box.default\">\n\t\t\t\t<div class=\"elementor-widget-container\">\n\t\t\t\t\t\t\t<div class=\"elementor-icon-box-wrapper\">\n\n\t\t\t\n\t\t\t\t\t\t<div class=\"elementor-icon-box-content\">\n\n\t\t\t\t\t\t\t\t\t<h4 class=\"elementor-icon-box-title\">\n\t\t\t\t\t\t<span  >\n\t\t\t\t\t\t\tExpositions\t\t\t\t\t\t<\/span>\n\t\t\t\t\t<\/h4>\n\t\t\t\t\n\t\t\t\t\t\t\t\t\t<p class=\"elementor-icon-box-description\">\n\t\t\t\t\t\tPlus d'infos \u00e0 venir tr\u00e8s prochainement\t\t\t\t\t<\/p>\n\t\t\t\t\n\t\t\t<\/div>\n\t\t\t\n\t\t<\/div>\n\t\t\t\t\t\t<\/div>\n\t\t\t\t<\/div>\n\t\t\t\t\t<\/div>\n\t\t<\/div>\n\t\t\t\t\t<\/div>\n\t\t<\/section>\n\t\t\t\t<\/div>","protected":false},"excerpt":{"rendered":"<p>\u00c0 Propos Designer graphique, directrice artistique et artiste, n\u00e9e pr\u00e8s de Paris, j&rsquo;ai \u00e9tudi\u00e9 \u00e0 l&rsquo;Acad\u00e9mie Royale des Beaux-Arts de Bruxelles, puis \u00e0 l&rsquo;Erg (\u00c9cole de recherche graphique) o\u00f9 j&rsquo;ai obtenu un Master en arts plastiques, visuels et de l&rsquo;espace, atelier pratique artistiques et compl\u00e9xit\u00e9 scientifique, option graphisme. C\u00f4t\u00e9 design graphique Apr\u00e8s plus de trois [&hellip;]<\/p>\n","protected":false},"author":1,"featured_media":7466,"parent":0,"menu_order":0,"comment_status":"closed","ping_status":"closed","template":"elementor_header_footer","meta":{"footnotes":""},"class_list":["post-7462","page","type-page","status-publish","has-post-thumbnail","hentry"],"_links":{"self":[{"href":"https:\/\/marinepoiraton.com\/en\/wp-json\/wp\/v2\/pages\/7462","targetHints":{"allow":["GET"]}}],"collection":[{"href":"https:\/\/marinepoiraton.com\/en\/wp-json\/wp\/v2\/pages"}],"about":[{"href":"https:\/\/marinepoiraton.com\/en\/wp-json\/wp\/v2\/types\/page"}],"author":[{"embeddable":true,"href":"https:\/\/marinepoiraton.com\/en\/wp-json\/wp\/v2\/users\/1"}],"replies":[{"embeddable":true,"href":"https:\/\/marinepoiraton.com\/en\/wp-json\/wp\/v2\/comments?post=7462"}],"version-history":[{"count":26,"href":"https:\/\/marinepoiraton.com\/en\/wp-json\/wp\/v2\/pages\/7462\/revisions"}],"predecessor-version":[{"id":7632,"href":"https:\/\/marinepoiraton.com\/en\/wp-json\/wp\/v2\/pages\/7462\/revisions\/7632"}],"wp:featuredmedia":[{"embeddable":true,"href":"https:\/\/marinepoiraton.com\/en\/wp-json\/wp\/v2\/media\/7466"}],"wp:attachment":[{"href":"https:\/\/marinepoiraton.com\/en\/wp-json\/wp\/v2\/media?parent=7462"}],"curies":[{"name":"wp","href":"https:\/\/api.w.org\/{rel}","templated":true}]}}